{"id":340,"date":"2025-09-29T21:44:32","date_gmt":"2025-09-29T20:44:32","guid":{"rendered":"https:\/\/r2abemanning.com\/?page_id=340"},"modified":"2025-09-30T19:40:44","modified_gmt":"2025-09-30T18:40:44","slug":"about-us","status":"publish","type":"page","link":"https:\/\/r2abemanning.com\/en\/about-us\/","title":{"rendered":"about-us"},"content":{"rendered":"<section class=\"bde-section-340-100 bde-section\">\n              \n  \n  \n\t\n\n  <div class=\"section-background-overlay\"><\/div>\n\n\n<div class=\"section-container\"><h1 class=\"bde-heading-340-101 bde-heading\">\nAbout Us\n<\/h1><\/div>\n<\/section><section class=\"bde-section-340-103 bde-section\">\n  \n  \n\t\n\n\n\n<div class=\"section-container\"><div class=\"bde-text-340-105 bde-text\">\nR2A was founded in Copenhagen in 2013. The company rebranded in 2025. Today we have 15 nationwide branches in Norway that live up to our philosophy of having close personal contact with the market, clients and candidates. Local branches give clients and candidates the experience of a smaller, personal agency with the resources of a large company.\n<\/div><\/div>\n<\/section><section class=\"bde-section-340-112 bde-section\">\n  \n  \n\t\n\n\n\n<div class=\"section-container\"><div class=\"bde-columns-340-113 bde-columns\"><div class=\"bde-column-340-114 bde-column\">\n  \n  \n\t\n\n\n\n<div class=\"bde-rich-text-340-115 bde-rich-text breakdance-rich-text-styles\">\n<p>At R2A, you get a permanent contact person who knows your business. Your advisor participates in the entire delivery process to ensure that we deliver both the right expertise and the right person to your business.<\/p><p>We know that fast response time is often a quality goal in itself. By knowing our customers and our market, we work ahead of your needs to ensure a fast delivery when that is the goal.<\/p><p>To maintain consistently good results, we emphasize close personal follow-up of our clients, candidates and hired employees.<\/p>\n<\/div>\n<\/div><div class=\"bde-column-340-116 bde-column\">\n  \n  \n\t\n\n\n\n\n<\/div><\/div><\/div>\n<\/section><section class=\"bde-section-340-119 bde-section\">\n  \n  \n\t\n\n\n\n<div class=\"section-container\"><div class=\"bde-columns-340-120 bde-columns\"><div class=\"bde-column-340-121 bde-column\">\n  \n  \n\t\n\n\n\n<img decoding=\"async\" class=\"bde-image2-340-122 bde-image2\" src=\"https:\/\/r2abemanning.com\/wp-content\/uploads\/2025\/09\/photo_2025-09-30_00-33-28.jpg\" loading=\"lazy\" srcset=\"https:\/\/r2abemanning.com\/wp-content\/uploads\/2025\/09\/photo_2025-09-30_00-33-28.jpg 369w, https:\/\/r2abemanning.com\/wp-content\/uploads\/2025\/09\/photo_2025-09-30_00-33-28-300x265.jpg 300w, https:\/\/r2abemanning.com\/wp-content\/uploads\/2025\/09\/photo_2025-09-30_00-33-28-14x12.jpg 14w\" sizes=\"(max-width: 369px) 100vw, 369px\">\n<\/div><div class=\"bde-column-340-123 bde-column\">\n  \n  \n\t\n\n\n\n<div class=\"bde-rich-text-340-124 bde-rich-text breakdance-rich-text-styles\">\n<div><h3>Our history<\/h3><\/div><div><p>The dream of having an impact on his own working life led Erik Nilsen to found R2A. He brought with him solid experience from the business world and the awareness of the difference it makes for people to experience that their contribution to the labor market has value.\u00a0<\/p><p>&quot;We started very modestly, and I was out as a temporary worker several times myself. It was a good way to get to know the business,&quot; says Erik Nilsen about the humble beginnings.<\/p><\/div>\n<\/div>\n<\/div><\/div><\/div>\n<\/section><section class=\"bde-section-340-125 bde-section\">\n  \n  \n\t\n\n\n\n<div class=\"section-container\"><h3 class=\"bde-heading-340-126 bde-heading\">\nWe are part of the R2A Group\n<\/h3><div class=\"bde-text-340-127 bde-text\">\nR2A is part of the R2A Group, an international group of recruitment and staffing agencies with offices in Norway, Denmark, Sweden, Finland and England.\n<\/div><div class=\"bde-button-340-128 bde-button\">\n    \n                                    \n    \n    \n    \n    \n            \n            <button type=\"button\" class=\"button-atom button-atom--primary bde-button__button\"  >\n    \n        <span class=\"button-atom__text\">Read more about R2A Group<\/span>\n\n        \n        \n            <\/button>\n    \n\n\n<\/div><\/div>\n<\/section><section class=\"bde-section-340-129 bde-section\">\n  \n  \n\t\n\n\n\n<div class=\"section-container\"><div class=\"bde-columns-340-130 bde-columns\"><div class=\"bde-column-340-131 bde-column\">\n  \n  \n\t\n\n\n\n<div class=\"bde-rich-text-340-132 bde-rich-text breakdance-rich-text-styles\">\n<h2>Our corporate culture - vision, mission and values<\/h2><p>Quality is central to our everyday lives. We have developed the concept of quality to mean \u201cdelivering as agreed in every relationship\u201d. We recruit, develop procedures, conduct internal training and communicate based on this concept of quality.<\/p><p>R2A is the personal staffing agency. We care about our customers and deliver through personal meetings and good dialogue with contact persons. We also ensure that personal interviews are conducted with our candidates, where competence and characteristics are thoroughly examined.\u00a0<\/p><p>Our vision<br \/>We will be the preferred recruitment and staffing partner in the Nordics.<\/p><p>Our mission<br \/>We connect people and businesses to build careers and strengthen organizations locally and across the Nordic region.<\/p><p>We are a values-based company and our core values are the very foundations of our business. They guide the way we think, behave and approach a task. We expect all our employees to identify with and proudly live our four core values.<\/p>\n<\/div>\n<\/div><div class=\"bde-column-340-133 bde-column\">\n  \n  \n\t\n\n\n\n<img decoding=\"async\" class=\"bde-image2-340-179 bde-image2\" src=\"https:\/\/r2abemanning.com\/wp-content\/uploads\/2025\/09\/link-blocks-800x800-1.webp\" loading=\"lazy\" srcset=\"https:\/\/r2abemanning.com\/wp-content\/uploads\/2025\/09\/link-blocks-800x800-1.webp 650w, https:\/\/r2abemanning.com\/wp-content\/uploads\/2025\/09\/link-blocks-800x800-1-244x300.webp 244w, https:\/\/r2abemanning.com\/wp-content\/uploads\/2025\/09\/link-blocks-800x800-1-10x12.webp 10w\" sizes=\"(max-width: 650px) 100vw, 650px\">\n<\/div><\/div><\/div>\n<\/section><section class=\"bde-section-340-135 bde-section\">\n  \n  \n\t\n\n\n\n<div class=\"section-container\"><h4 class=\"bde-heading-340-136 bde-heading\">\nWe find candidates for most industries and job categories.\n<\/h4><div class=\"bde-columns-340-137 bde-columns\"><div class=\"bde-column-340-138 bde-column\">\n  \n  \n\t\n\n\n\n<div class=\"bde-icon-340-139 bde-icon\">\n\n    \n            <div class=\"bde-icon-icon breakdance-icon-atom\" >\n    \n                    <svg xmlns=\"http:\/\/www.w3.org\/2000\/svg\" viewbox=\"0 0 576 512\"><!--! Font Awesome Free 6.5.1 by @fontawesome - https:\/\/fontawesome.com License - https:\/\/fontawesome.com\/license\/free (Icons: CC BY 4.0, Fonts: SIL OFL 1.1, Code: MIT License) Copyright 2023 Fonticons, Inc. --><path d=\"M284.046,224.8a34.114,34.114,0,1,0,34.317,34.113A34.217,34.217,0,0,0,284.046,224.8Zm-110.45,0a34.114,34.114,0,1,0,34.317,34.113A34.217,34.217,0,0,0,173.6,224.8Zm220.923,0a34.114,34.114,0,1,0,34.317,34.113A34.215,34.215,0,0,0,394.519,224.8Zm153.807-55.319c-15.535-24.172-37.31-45.57-64.681-63.618-52.886-34.817-122.374-54-195.666-54a405.975,405.975,0,0,0-72.032,6.357,238.524,238.524,0,0,0-49.51-36.588C99.684-11.7,40.859.711,11.135,11.421A14.291,14.291,0,0,0,5.58,34.782C26.542,56.458,61.222,99.3,52.7,138.252c-33.142,33.9-51.112,74.776-51.112,117.337,0,43.372,17.97,84.248,51.112,118.148,8.526,38.956-26.154,81.816-47.116,103.491a14.284,14.284,0,0,0,5.555,23.34c29.724,10.709,88.549,23.147,155.324-10.2a238.679,238.679,0,0,0,49.51-36.589A405.972,405.972,0,0,0,288,460.14c73.313,0,142.8-19.159,195.667-53.975,27.371-18.049,49.145-39.426,64.679-63.619,17.309-26.923,26.07-55.916,26.07-86.125C574.394,225.4,565.634,196.43,548.326,169.485ZM284.987,409.9a345.65,345.65,0,0,1-89.446-11.5l-20.129,19.393a184.366,184.366,0,0,1-37.138,27.585,145.767,145.767,0,0,1-52.522,14.87c.983-1.771,1.881-3.563,2.842-5.356q30.258-55.68,16.325-100.078c-32.992-25.962-52.778-59.2-52.778-95.4,0-83.1,104.254-150.469,232.846-150.469s232.867,67.373,232.867,150.469C517.854,342.525,413.6,409.9,284.987,409.9Z\"\/><\/svg>\n        \n        \n        \n            <\/div>\n    \n\n\n<\/div><h5 class=\"bde-heading-340-140 bde-heading\">\nWe are curious.\n<\/h5><div class=\"bde-text-340-141 bde-text\">\nWe seek new knowledge, share with each other and learn from our experiences so that we can develop ourselves, our clients and our candidates.\n<\/div>\n<\/div><div class=\"bde-column-340-142 bde-column\">\n  \n  \n\t\n\n\n\n<div class=\"bde-icon-340-143 bde-icon\">\n\n    \n            <div class=\"bde-icon-icon breakdance-icon-atom\" >\n    \n                    <svg xmlns=\"http:\/\/www.w3.org\/2000\/svg\" viewbox=\"0 0 512 512\"><!--! Font Awesome Free 6.5.1 by @fontawesome - https:\/\/fontawesome.com License - https:\/\/fontawesome.com\/license\/free (Icons: CC BY 4.0, Fonts: SIL OFL 1.1, Code: MIT License) Copyright 2023 Fonticons, Inc. --><path d=\"M225.8 468.2l-2.5-2.3L48.1 303.2C17.4 274.7 0 234.7 0 192.8v-3.3c0-70.4 50-130.8 119.2-144C158.6 37.9 198.9 47 231 69.6c9 6.4 17.4 13.8 25 22.3c4.2-4.8 8.7-9.2 13.5-13.3c3.7-3.2 7.5-6.2 11.5-9c0 0 0 0 0 0C313.1 47 353.4 37.9 392.8 45.4C462 58.6 512 119.1 512 189.5v3.3c0 41.9-17.4 81.9-48.1 110.4L288.7 465.9l-2.5 2.3c-8.2 7.6-19 11.9-30.2 11.9s-22-4.2-30.2-11.9zM239.1 145c-.4-.3-.7-.7-1-1.1l-17.8-20c0 0-.1-.1-.1-.1c0 0 0 0 0 0c-23.1-25.9-58-37.7-92-31.2C81.6 101.5 48 142.1 48 189.5v3.3c0 28.5 11.9 55.8 32.8 75.2L256 430.7 431.2 268c20.9-19.4 32.8-46.7 32.8-75.2v-3.3c0-47.3-33.6-88-80.1-96.9c-34-6.5-69 5.4-92 31.2c0 0 0 0-.1 .1s0 0-.1 .1l-17.8 20c-.3 .4-.7 .7-1 1.1c-4.5 4.5-10.6 7-16.9 7s-12.4-2.5-16.9-7z\"\/><\/svg>\n        \n        \n        \n            <\/div>\n    \n\n\n<\/div><h5 class=\"bde-heading-340-144 bde-heading\">\nWe are partners\n<\/h5><div class=\"bde-text-340-145 bde-text\">\nWe work to be a valued HR, recruitment and career partner for our clients and candidates. With our local presence, personal commitment and Nordic reach, our clients and candidates should feel that we are close by - together we turn challenges into solutions and skills into careers.\n<\/div>\n<\/div><div class=\"bde-column-340-146 bde-column\">\n  \n  \n\t\n\n\n\n<div class=\"bde-icon-340-147 bde-icon\">\n\n    \n            <div class=\"bde-icon-icon breakdance-icon-atom\" >\n    \n                    <svg xmlns=\"http:\/\/www.w3.org\/2000\/svg\" viewbox=\"0 0 384 512\"><!--! Font Awesome Free 6.5.1 by @fontawesome - https:\/\/fontawesome.com License - https:\/\/fontawesome.com\/license\/free (Icons: CC BY 4.0, Fonts: SIL OFL 1.1, Code: MIT License) Copyright 2023 Fonticons, Inc. --><path d=\"M173.8 5.5c11-7.3 25.4-7.3 36.4 0L228 17.2c6 3.9 13 5.8 20.1 5.4l21.3-1.3c13.2-.8 25.6 6.4 31.5 18.2l9.6 19.1c3.2 6.4 8.4 11.5 14.7 14.7L344.5 83c11.8 5.9 19 18.3 18.2 31.5l-1.3 21.3c-.4 7.1 1.5 14.2 5.4 20.1l11.8 17.8c7.3 11 7.3 25.4 0 36.4L366.8 228c-3.9 6-5.8 13-5.4 20.1l1.3 21.3c.8 13.2-6.4 25.6-18.2 31.5l-19.1 9.6c-6.4 3.2-11.5 8.4-14.7 14.7L301 344.5c-5.9 11.8-18.3 19-31.5 18.2l-21.3-1.3c-7.1-.4-14.2 1.5-20.1 5.4l-17.8 11.8c-11 7.3-25.4 7.3-36.4 0L156 366.8c-6-3.9-13-5.8-20.1-5.4l-21.3 1.3c-13.2 .8-25.6-6.4-31.5-18.2l-9.6-19.1c-3.2-6.4-8.4-11.5-14.7-14.7L39.5 301c-11.8-5.9-19-18.3-18.2-31.5l1.3-21.3c.4-7.1-1.5-14.2-5.4-20.1L5.5 210.2c-7.3-11-7.3-25.4 0-36.4L17.2 156c3.9-6 5.8-13 5.4-20.1l-1.3-21.3c-.8-13.2 6.4-25.6 18.2-31.5l19.1-9.6C65 70.2 70.2 65 73.4 58.6L83 39.5c5.9-11.8 18.3-19 31.5-18.2l21.3 1.3c7.1 .4 14.2-1.5 20.1-5.4L173.8 5.5zM272 192a80 80 0 1 0 -160 0 80 80 0 1 0 160 0zM1.3 441.8L44.4 339.3c.2 .1 .3 .2 .4 .4l9.6 19.1c11.7 23.2 36 37.3 62 35.8l21.3-1.3c.2 0 .5 0 .7 .2l17.8 11.8c5.1 3.3 10.5 5.9 16.1 7.7l-37.6 89.3c-2.3 5.5-7.4 9.2-13.3 9.7s-11.6-2.2-14.8-7.2L74.4 455.5l-56.1 8.3c-5.7 .8-11.4-1.5-15-6s-4.3-10.7-2.1-16zm248 60.4L211.7 413c5.6-1.8 11-4.3 16.1-7.7l17.8-11.8c.2-.1 .4-.2 .7-.2l21.3 1.3c26 1.5 50.3-12.6 62-35.8l9.6-19.1c.1-.2 .2-.3 .4-.4l43.2 102.5c2.2 5.3 1.4 11.4-2.1 16s-9.3 6.9-15 6l-56.1-8.3-32.2 49.2c-3.2 5-8.9 7.7-14.8 7.2s-11-4.3-13.3-9.7z\"\/><\/svg>\n        \n        \n        \n            <\/div>\n    \n\n\n<\/div><h5 class=\"bde-heading-340-148 bde-heading\">\nWe are professionals\n<\/h5><div class=\"bde-text-340-149 bde-text\">\nWe set high standards and hold ourselves accountable for our promises and actions. We promote diversity, equality and are committed to an inclusive recruitment process with equal opportunities for all our candidates and employees.\n<\/div>\n<\/div><div class=\"bde-column-340-150 bde-column\">\n  \n  \n\t\n\n\n\n<div class=\"bde-icon-340-151 bde-icon\">\n\n    \n            <div class=\"bde-icon-icon breakdance-icon-atom\" >\n    \n                    <svg xmlns=\"http:\/\/www.w3.org\/2000\/svg\" id=\"icon-woman\" viewbox=\"0 0 32 32\">\n<path d=\"M18 3c0 1.657-1.343 3-3 3s-3-1.343-3-3c0-1.657 1.343-3 3-3s3 1.343 3 3z\"\/>\n<path d=\"M22.469 16l1.531-1.109-4.165-6.441c-0.185-0.281-0.499-0.45-0.835-0.45h-8c-0.336 0-0.65 0.169-0.835 0.45l-4.165 6.441 1.531 1.109 3.458-4.487 1.202 2.804-4.191 7.683h3.833l0.667 10h2v-10h1v10h2l0.667-10h3.833l-4.191-7.683 1.202-2.804 3.458 4.487z\"\/>\n<\/svg>\n        \n        \n        \n            <\/div>\n    \n\n\n<\/div><h5 class=\"bde-heading-340-152 bde-heading\">\nPeople in the city center\n<\/h5><div class=\"bde-text-340-153 bde-text\">\nWe have a genuine interest in people - that they succeed and thrive. We put people first to create professional recruitment processes and great candidate experiences.\n<\/div>\n<\/div><\/div><\/div>\n<\/section><section class=\"bde-section-340-154 bde-section\">\n  \n  \n\t\n\n\n\n<div class=\"section-container\"><div class=\"bde-columns-340-155 bde-columns\"><div class=\"bde-column-340-156 bde-column\">\n  \n  \n\t\n\n\n\n<div class=\"bde-rich-text-340-159 bde-rich-text breakdance-rich-text-styles\">\n<div><h2>Our corporate social responsibility<\/h2><\/div><div><p>In our business, we want to see the bigger picture and we take our social responsibility seriously. Our actions should stand as positive examples in this work and we will always seek to improve and be innovative.<\/p><p>In 2015, R2A Group established an international CSR group consisting of a representative from each company in the group. The group works purposefully with CSR for all companies.<\/p><p>Some general goals are implemented without depriving the individual company of the opportunity to implement individual CSR measures. The culture and CSR level in the countries where R2A Group is represented is always the starting point when deciding which CSR strategies and policies best match the individual company.<\/p><\/div>\n<\/div>\n<\/div><div class=\"bde-column-340-158 bde-column\">\n  \n  \n\t\n\n\n\n<img decoding=\"async\" class=\"bde-image2-340-157 bde-image2\" src=\"https:\/\/r2abemanning.com\/wp-content\/uploads\/2025\/09\/bilder-ny-webside-2023-1-1.webp\" loading=\"lazy\" srcset=\"https:\/\/r2abemanning.com\/wp-content\/uploads\/2025\/09\/bilder-ny-webside-2023-1-1.webp 688w, https:\/\/r2abemanning.com\/wp-content\/uploads\/2025\/09\/bilder-ny-webside-2023-1-1-300x216.webp 300w, https:\/\/r2abemanning.com\/wp-content\/uploads\/2025\/09\/bilder-ny-webside-2023-1-1-18x12.webp 18w\" sizes=\"(max-width: 688px) 100vw, 688px\">\n<\/div><\/div><\/div>\n<\/section><section class=\"bde-section-340-160 bde-section\">\n  \n  \n\t\n\n\n\n<div class=\"section-container\"><div class=\"bde-columns-340-161 bde-columns\"><div class=\"bde-column-340-162 bde-column\">\n  \n  \n\t\n\n\n\n<h1 class=\"bde-heading-340-163 bde-heading\">\n40\n<\/h1><div class=\"bde-text-340-164 bde-text\">\nyears in Norway\n<\/div>\n<\/div><div class=\"bde-column-340-165 bde-column\">\n  \n  \n\t\n\n\n\n<h1 class=\"bde-heading-340-166 bde-heading\">\n5\n<\/h1><div class=\"bde-text-340-167 bde-text\">\ncountry\n<\/div>\n<\/div><div class=\"bde-column-340-168 bde-column\">\n  \n  \n\t\n\n\n\n<h1 class=\"bde-heading-340-169 bde-heading\">\n3400+\n<\/h1><div class=\"bde-text-340-170 bde-text\">\ncustomers\n<\/div>\n<\/div><div class=\"bde-column-340-171 bde-column\">\n  \n  \n\t\n\n\n\n<h1 class=\"bde-heading-340-172 bde-heading\">\n230 000+\n<\/h1><div class=\"bde-text-340-173 bde-text\">\ncandidates\n<\/div>\n<\/div><\/div><\/div>\n<\/section><section class=\"bde-section-340-174 bde-section\">\n  \n  \n\t\n\n\n\n<div class=\"section-container\"><h4 class=\"bde-heading-340-175 bde-heading\">\nContact us by filling out the form or call 98884133\n<\/h4><div class=\"bde-columns-340-176 bde-columns\"><div class=\"bde-column-340-177 bde-column\">\n  \n  \n\t\n\n\n\n<div class=\"bde-form-builder-340-178 bde-form-builder\">\n\n\n<form id=\"contact-form178\" class=\"breakdance-form breakdance-form--vertical\" data-options=\"{&quot;slug&quot;:&quot;custom&quot;,&quot;name&quot;:&quot;Contact Form&quot;,&quot;ajaxUrl&quot;:&quot;https:\\\/\\\/r2abemanning.com\\\/wp-admin\\\/admin-ajax.php&quot;,&quot;clearOnSuccess&quot;:true,&quot;hideOnSuccess&quot;:false,&quot;successMessage&quot;:&quot;Your message has been received!&quot;,&quot;errorMessage&quot;:&quot;Something went wrong&quot;,&quot;redirect&quot;:false,&quot;redirectUrl&quot;:&quot;&quot;,&quot;customJavaScript&quot;:&quot;&quot;,&quot;recaptcha&quot;:{&quot;key&quot;:&quot;&quot;,&quot;enabled&quot;:false},&quot;honeypot_enabled&quot;:false,&quot;popupsOnSuccess&quot;:[],&quot;popupsOnError&quot;:[]}\" data-steps=\"0\" action=\"\" >\n  \n  \n  \n<div class=\"breakdance-form-field breakdance-form-field--text\" >\n    \n    \n            <label class=\"breakdance-form-field__label\" for=\"name\">\n            First name <span class=\"breakdance-form-field__required\">*<\/span>\n        <\/label>\n    \n    <input\n    class=\"breakdance-form-field__input\"\n    id=\"name\"\n    aria-describedby=\"name\"\n    type=\"text\"\n    name=\"fields[name]\"\n    placeholder=\"\"\n    value=\"\"\n                \n        \n        \n    required\n>\n\n\n    \n    \n<\/div>\n\n\n<div class=\"breakdance-form-field breakdance-form-field--text\" >\n    \n    \n            <label class=\"breakdance-form-field__label\" for=\"quyskv\">\n            Telephone number<span class=\"breakdance-form-field__required\">*<\/span>\n        <\/label>\n    \n    <input\n    class=\"breakdance-form-field__input\"\n    id=\"quyskv\"\n    aria-describedby=\"quyskv\"\n    type=\"text\"\n    name=\"fields[quyskv]\"\n    placeholder=\"\"\n    value=\"\"\n                \n        \n        \n    required\n>\n\n\n    \n    \n<\/div>\n\n\n<div class=\"breakdance-form-field breakdance-form-field--text\" >\n    \n    \n            <label class=\"breakdance-form-field__label\" for=\"ulvrdt\">\n            Surname <span class=\"breakdance-form-field__required\">*<\/span>\n        <\/label>\n    \n    <input\n    class=\"breakdance-form-field__input\"\n    id=\"ulvrdt\"\n    aria-describedby=\"ulvrdt\"\n    type=\"text\"\n    name=\"fields[ulvrdt]\"\n    placeholder=\"\"\n    value=\"\"\n                \n        \n        \n    required\n>\n\n\n    \n    \n<\/div>\n\n\n<div class=\"breakdance-form-field breakdance-form-field--text\" >\n    \n    \n            <label class=\"breakdance-form-field__label\" for=\"lsaxny\">\n            Place<span class=\"breakdance-form-field__required\">*<\/span>\n        <\/label>\n    \n    <input\n    class=\"breakdance-form-field__input\"\n    id=\"lsaxny\"\n    aria-describedby=\"lsaxny\"\n    type=\"text\"\n    name=\"fields[lsaxny]\"\n    placeholder=\"\"\n    value=\"\"\n                \n        \n        \n    required\n>\n\n\n    \n    \n<\/div>\n\n\n<div class=\"breakdance-form-field breakdance-form-field--text\" >\n    \n    \n            <label class=\"breakdance-form-field__label\" for=\"mzwlbm\">\n            Email<span class=\"breakdance-form-field__required\">*<\/span>\n        <\/label>\n    \n    <input\n    class=\"breakdance-form-field__input\"\n    id=\"mzwlbm\"\n    aria-describedby=\"mzwlbm\"\n    type=\"text\"\n    name=\"fields[mzwlbm]\"\n    placeholder=\"\"\n    value=\"\"\n                \n        \n        \n    required\n>\n\n\n    \n    \n<\/div>\n\n\n<div class=\"breakdance-form-field breakdance-form-field--text\" >\n    \n    \n            <label class=\"breakdance-form-field__label\" for=\"ctlfwa\">\n            Company<span class=\"breakdance-form-field__required\">*<\/span>\n        <\/label>\n    \n    <input\n    class=\"breakdance-form-field__input\"\n    id=\"ctlfwa\"\n    aria-describedby=\"ctlfwa\"\n    type=\"text\"\n    name=\"fields[ctlfwa]\"\n    placeholder=\"\"\n    value=\"\"\n                \n        \n        \n    required\n>\n\n\n    \n    \n<\/div>\n\n\n<div class=\"breakdance-form-field breakdance-form-field--select\" >\n    \n    \n            <label class=\"breakdance-form-field__label\" for=\"goflzn\">\n            Topic\n        <\/label>\n    \n    <select\n    class=\"breakdance-form-field__input\"\n    id=\"goflzn\"\n    name=\"fields[goflzn]\"\n    \n    \n        >\n      <option value=\"\">Select...<\/option>\n          <option value=\"Jeg \u00f8nsker hjelp til rekruttering\" selected>I want help with recruitment.<\/option>\n        <option value=\"Jeg \u00f8nsker hjelp til bemanning\" >I want help with staffing<\/option>\n        <option value=\"Hjelp til bemanning innen olje og gass\" >Help with staffing in the oil and gas industry<\/option>\n        <option value=\"Jeg s\u00f8ker jobb\" >I am looking for a job.<\/option>\n        <option value=\"Andre henvendelser\" >Other inquiries<\/option>\n  <\/select>\n\n\n    \n    \n<\/div>\n\n\n<div class=\"breakdance-form-field breakdance-form-field--textarea\" >\n    \n    \n            <label class=\"breakdance-form-field__label\" for=\"tivyck\">\n            What can we help you with? If your inquiry concerns on-\/offshore staffing, please specify this in your message.<span class=\"breakdance-form-field__required\">*<\/span>\n        <\/label>\n    \n    <textarea\n    class=\"breakdance-form-field__input\"\n    id=\"tivyck\"\n    aria-describedby=\"tivyck\"\n    type=\"textarea\"\n    name=\"fields[tivyck]\"\n        placeholder=\"\"\n    required\n>\n<\/textarea>\n\n\n    \n    \n<\/div>\n\n\n<div class=\"breakdance-form-field breakdance-form-field--checkbox\" >\n    \n    \n    \n    <fieldset role=\"group\"\n    aria-label=\"Consent to data storage *\"\n    >\n       <legend class=\"breakdance-form-field__label\">Consent to data storage *<\/legend>\n          <div class=\"breakdance-form-checkbox\">\n          <input\n              type=\"checkbox\"\n              name=\"fields[nxlbci]\"\n              value=\"Jeg samtykker til at mine personopplysninger lagres og behandles for \u00e5 gi meg relevant informasjon om rekruttering og bemanning. Les om hvordan vi behandler dine data i v\u00e5r personvernerkl\u00e6ring\"\n              id=\"nxlbci-1\"\n              \n                        >\n          <label class=\"breakdance-form-checkbox__text\" for=\"nxlbci-1\">I consent to my personal data being stored and processed to provide me with relevant information about recruitment and staffing. Read about how we process your data in our privacy policy.<\/label>\n      <\/div>\n  <\/fieldset>\n\n\n\n    \n    \n<\/div>\n\n\n  \n\n<div class=\"breakdance-form-field breakdance-form-footer\">\n    \n    \n                                    \n    \n    \n    \n    \n            \n            <button type=\"submit\" class=\"button-atom button-atom--primary breakdance-form-button breakdance-form-button__submit\" id=\"senb\"  >\n    \n        <span class=\"button-atom__text\">Submit<\/span>\n\n        \n        \n            <\/button>\n    \n    <input type=\"hidden\" name=\"form_id\" value=\"178\">\n    <input type=\"hidden\" name=\"post_id\" value=\"340\">\n<\/div>\n\n  \n<input type=\"hidden\" name=\"trp-form-language\" value=\"en\"\/><\/form>\n\n\n\n<\/div>\n<\/div><\/div><\/div>\n<\/section>","protected":false},"excerpt":{"rendered":"<p>About Us R2A ble stiftet i K\u00f8benhavn i 2013 Rebrandingen av selskapet fant sted i 2025. I dag har vi 15 landsdekkende avdelinger i Norge som etterlever v\u00e5r filosofi om \u00e5 ha tett personlig kontakt til markedet, kundene og kandidatene. Lokale avdelinger gir kunder og kandidater opplevelsen av et mindre, personlig byr\u00e5 med en stor [&hellip;]<\/p>","protected":false},"author":1,"featured_media":0,"parent":0,"menu_order":0,"comment_status":"closed","ping_status":"closed","template":"","meta":{"_breakdance_hide_in_design_set":false,"_breakdance_tags":"","footnotes":""},"class_list":["post-340","page","type-page","status-publish","hentry"],"_links":{"self":[{"href":"https:\/\/r2abemanning.com\/en\/wp-json\/wp\/v2\/pages\/340","targetHints":{"allow":["GET"]}}],"collection":[{"href":"https:\/\/r2abemanning.com\/en\/wp-json\/wp\/v2\/pages"}],"about":[{"href":"https:\/\/r2abemanning.com\/en\/wp-json\/wp\/v2\/types\/page"}],"author":[{"embeddable":true,"href":"https:\/\/r2abemanning.com\/en\/wp-json\/wp\/v2\/users\/1"}],"replies":[{"embeddable":true,"href":"https:\/\/r2abemanning.com\/en\/wp-json\/wp\/v2\/comments?post=340"}],"version-history":[{"count":28,"href":"https:\/\/r2abemanning.com\/en\/wp-json\/wp\/v2\/pages\/340\/revisions"}],"predecessor-version":[{"id":560,"href":"https:\/\/r2abemanning.com\/en\/wp-json\/wp\/v2\/pages\/340\/revisions\/560"}],"wp:attachment":[{"href":"https:\/\/r2abemanning.com\/en\/wp-json\/wp\/v2\/media?parent=340"}],"curies":[{"name":"wp","href":"https:\/\/api.w.org\/{rel}","templated":true}]}}