{"id":380,"date":"2025-09-30T08:19:36","date_gmt":"2025-09-30T07:19:36","guid":{"rendered":"https:\/\/r2abemanning.com\/?page_id=380"},"modified":"2025-09-30T08:40:07","modified_gmt":"2025-09-30T07:40:07","slug":"job-seekers","status":"publish","type":"page","link":"https:\/\/r2abemanning.com\/en\/job-seekers\/","title":{"rendered":"job-seekers"},"content":{"rendered":"<section class=\"bde-section-380-100 bde-section\">\n              \n  \n  \n\t\n\n  <div class=\"section-background-overlay\"><\/div>\n\n\n<div class=\"section-container\"><h1 class=\"bde-heading-380-101 bde-heading\">\nJob seekers\n<\/h1><div class=\"bde-text-380-102 bde-text\">\nAre you looking for a new job? We help and guide you through the job search process.\n<\/div><\/div>\n<\/section><section class=\"bde-section-380-103 bde-section\">\n  \n  \n\t\n\n\n\n<div class=\"section-container\"><div class=\"bde-text-380-105 bde-text\">\nA large part of our lives is spent at work. That&#039;s why it&#039;s important to do something we enjoy, in a company we enjoy. The interaction between the work environment, work tasks and our own motivation makes us do our best. As a recruitment and staffing agency, we at R2A focus on finding people and companies that are a good fit, and we will help and guide you through your job search process.\n<\/div><\/div>\n<\/section><section class=\"bde-section-380-106 bde-section\">\n  \n  \n\t\n\n\n\n<div class=\"section-container\"><div class=\"bde-columns-380-107 bde-columns\"><div class=\"bde-column-380-108 bde-column\">\n  \n  \n\t\n\n\n\n<div class=\"bde-div-380-109 bde-div\">\n  \n  \n\t\n\n\n\n<div class=\"bde-button-380-110 bde-button\">\n    \n                                    \n    \n    \n    \n    \n            \n                    \n            \n            \n\n    \n    \n    \n    \n    \n    <a class=\"breakdance-link button-atom button-atom--custom bde-button__button\" href=\"#\" target=\"_self\" data-type=\"url\"  >\n\n    \n        <span class=\"button-atom__text\">Permanent positions<\/span>\n\n                            \n        \n                <\/a>\n\n    \n\n\n<\/div>\n<\/div>\n<\/div><div class=\"bde-column-380-111 bde-column\">\n  \n  \n\t\n\n\n\n<div class=\"bde-div-380-112 bde-div\">\n  \n  \n\t\n\n\n\n<div class=\"bde-button-380-113 bde-button\">\n    \n                                    \n    \n    \n    \n    \n            \n                    \n            \n            \n\n    \n    \n    \n    \n    \n    <a class=\"breakdance-link button-atom button-atom--custom bde-button__button\" href=\"#\" target=\"_self\" data-type=\"url\"  >\n\n    \n        <span class=\"button-atom__text\">Temporary positions<\/span>\n\n                            \n        \n                <\/a>\n\n    \n\n\n<\/div>\n<\/div>\n<\/div><div class=\"bde-column-380-114 bde-column\">\n  \n  \n\t\n\n\n\n<div class=\"bde-div-380-115 bde-div\">\n  \n  \n\t\n\n\n\n<div class=\"bde-button-380-116 bde-button\">\n    \n                                    \n    \n    \n    \n    \n            \n                    \n            \n            \n\n    \n    \n    \n    \n    \n    <a class=\"breakdance-link button-atom button-atom--custom bde-button__button\" href=\"#\" target=\"_self\" data-type=\"url\"  >\n\n    \n        <span class=\"button-atom__text\">Register your CV<\/span>\n\n                            \n        \n                <\/a>\n\n    \n\n\n<\/div>\n<\/div>\n<\/div><div class=\"bde-column-380-117 bde-column\">\n  \n  \n\t\n\n\n\n<div class=\"bde-div-380-118 bde-div\">\n  \n  \n\t\n\n\n\n<div class=\"bde-button-380-119 bde-button\">\n    \n                                    \n    \n    \n    \n    \n            \n                    \n            \n            \n\n    \n    \n    \n    \n    \n    <a class=\"breakdance-link button-atom button-atom--custom bde-button__button\" href=\"#\" target=\"_self\" data-type=\"url\"  >\n\n    \n        <span class=\"button-atom__text\">Young and newly graduated?<\/span>\n\n                            \n        \n                <\/a>\n\n    \n\n\n<\/div>\n<\/div>\n<\/div><\/div><\/div>\n<\/section><section class=\"bde-section-380-120 bde-section\">\n  \n  \n\t\n\n\n\n<div class=\"section-container\"><h3 class=\"bde-heading-380-121 bde-heading\">\nYour benefits by working for us<br>\n<\/h3><div class=\"bde-columns-380-122 bde-columns\"><div class=\"bde-column-380-123 bde-column\">\n  \n  \n\t\n\n\n\n<div class=\"bde-icon-380-124 bde-icon\">\n\n    \n            <div class=\"bde-icon-icon breakdance-icon-atom\" >\n    \n                    <svg xmlns=\"http:\/\/www.w3.org\/2000\/svg\" viewbox=\"0 0 576 512\"><!--! Font Awesome Free 6.5.1 by @fontawesome - https:\/\/fontawesome.com License - https:\/\/fontawesome.com\/license\/free (Icons: CC BY 4.0, Fonts: SIL OFL 1.1, Code: MIT License) Copyright 2023 Fonticons, Inc. --><path d=\"M284.046,224.8a34.114,34.114,0,1,0,34.317,34.113A34.217,34.217,0,0,0,284.046,224.8Zm-110.45,0a34.114,34.114,0,1,0,34.317,34.113A34.217,34.217,0,0,0,173.6,224.8Zm220.923,0a34.114,34.114,0,1,0,34.317,34.113A34.215,34.215,0,0,0,394.519,224.8Zm153.807-55.319c-15.535-24.172-37.31-45.57-64.681-63.618-52.886-34.817-122.374-54-195.666-54a405.975,405.975,0,0,0-72.032,6.357,238.524,238.524,0,0,0-49.51-36.588C99.684-11.7,40.859.711,11.135,11.421A14.291,14.291,0,0,0,5.58,34.782C26.542,56.458,61.222,99.3,52.7,138.252c-33.142,33.9-51.112,74.776-51.112,117.337,0,43.372,17.97,84.248,51.112,118.148,8.526,38.956-26.154,81.816-47.116,103.491a14.284,14.284,0,0,0,5.555,23.34c29.724,10.709,88.549,23.147,155.324-10.2a238.679,238.679,0,0,0,49.51-36.589A405.972,405.972,0,0,0,288,460.14c73.313,0,142.8-19.159,195.667-53.975,27.371-18.049,49.145-39.426,64.679-63.619,17.309-26.923,26.07-55.916,26.07-86.125C574.394,225.4,565.634,196.43,548.326,169.485ZM284.987,409.9a345.65,345.65,0,0,1-89.446-11.5l-20.129,19.393a184.366,184.366,0,0,1-37.138,27.585,145.767,145.767,0,0,1-52.522,14.87c.983-1.771,1.881-3.563,2.842-5.356q30.258-55.68,16.325-100.078c-32.992-25.962-52.778-59.2-52.778-95.4,0-83.1,104.254-150.469,232.846-150.469s232.867,67.373,232.867,150.469C517.854,342.525,413.6,409.9,284.987,409.9Z\"\/><\/svg>\n        \n        \n        \n            <\/div>\n    \n\n\n<\/div><h5 class=\"bde-heading-380-125 bde-heading\">\nClose personal follow-up along the way\n<\/h5>\n<\/div><div class=\"bde-column-380-127 bde-column\">\n  \n  \n\t\n\n\n\n<div class=\"bde-icon-380-128 bde-icon\">\n\n    \n            <div class=\"bde-icon-icon breakdance-icon-atom\" >\n    \n                    <svg xmlns=\"http:\/\/www.w3.org\/2000\/svg\" viewbox=\"0 0 576 512\"><!--! Font Awesome Free 6.5.1 by @fontawesome - https:\/\/fontawesome.com License - https:\/\/fontawesome.com\/license\/free (Icons: CC BY 4.0, Fonts: SIL OFL 1.1, Code: MIT License) Copyright 2023 Fonticons, Inc. --><path d=\"M0 80v48c0 17.7 14.3 32 32 32H48 96V80c0-26.5-21.5-48-48-48S0 53.5 0 80zM112 32c10 13.4 16 30 16 48V384c0 35.3 28.7 64 64 64s64-28.7 64-64v-5.3c0-32.4 26.3-58.7 58.7-58.7H480V128c0-53-43-96-96-96H112zM464 480c61.9 0 112-50.1 112-112c0-8.8-7.2-16-16-16H314.7c-14.7 0-26.7 11.9-26.7 26.7V384c0 53-43 96-96 96H368h96z\"\/><\/svg>\n        \n        \n        \n            <\/div>\n    \n\n\n<\/div><h5 class=\"bde-heading-380-129 bde-heading\">\nOpportunity for flexibility and variety\n<\/h5>\n<\/div><div class=\"bde-column-380-131 bde-column\">\n  \n  \n\t\n\n\n\n<div class=\"bde-icon-380-132 bde-icon\">\n\n    \n            <div class=\"bde-icon-icon breakdance-icon-atom\" >\n    \n                    <svg xmlns=\"http:\/\/www.w3.org\/2000\/svg\" viewbox=\"0 0 512 512\"><!--! Font Awesome Free 6.5.1 by @fontawesome - https:\/\/fontawesome.com License - https:\/\/fontawesome.com\/license\/free (Icons: CC BY 4.0, Fonts: SIL OFL 1.1, Code: MIT License) Copyright 2023 Fonticons, Inc. --><path d=\"M246.6 150.6c-12.5 12.5-32.8 12.5-45.3 0s-12.5-32.8 0-45.3l96-96c12.5-12.5 32.8-12.5 45.3 0l96 96c12.5 12.5 12.5 32.8 0 45.3s-32.8 12.5-45.3 0L352 109.3V384c0 35.3 28.7 64 64 64h64c17.7 0 32 14.3 32 32s-14.3 32-32 32H416c-70.7 0-128-57.3-128-128c0-35.3-28.7-64-64-64H109.3l41.4 41.4c12.5 12.5 12.5 32.8 0 45.3s-32.8 12.5-45.3 0l-96-96c-12.5-12.5-12.5-32.8 0-45.3l96-96c12.5-12.5 32.8-12.5 45.3 0s12.5 32.8 0 45.3L109.3 256H224c23.3 0 45.2 6.2 64 17.1V109.3l-41.4 41.4z\"\/><\/svg>\n        \n        \n        \n            <\/div>\n    \n\n\n<\/div><h5 class=\"bde-heading-380-133 bde-heading\">\nGain diverse experience<br>\n<\/h5>\n<\/div><div class=\"bde-column-380-135 bde-column\">\n  \n  \n\t\n\n\n\n<div class=\"bde-icon-380-136 bde-icon\">\n\n    \n            <div class=\"bde-icon-icon breakdance-icon-atom\" >\n    \n                    <svg xmlns=\"http:\/\/www.w3.org\/2000\/svg\" viewbox=\"0 0 512 512\"><!--! Font Awesome Free 6.5.1 by @fontawesome - https:\/\/fontawesome.com License - https:\/\/fontawesome.com\/license\/free (Icons: CC BY 4.0, Fonts: SIL OFL 1.1, Code: MIT License) Copyright 2023 Fonticons, Inc. --><path d=\"M0 96C0 60.7 28.7 32 64 32H448c35.3 0 64 28.7 64 64V416c0 35.3-28.7 64-64 64H64c-35.3 0-64-28.7-64-64V96zm64 0v64h64V96H64zm384 0H192v64H448V96zM64 224v64h64V224H64zm384 0H192v64H448V224zM64 352v64h64V352H64zm384 0H192v64H448V352z\"\/><\/svg>\n        \n        \n        \n            <\/div>\n    \n\n\n<\/div><h5 class=\"bde-heading-380-137 bde-heading\">\nEqual treatment of pay and working conditions\n<\/h5>\n<\/div><\/div><\/div>\n<\/section><section class=\"bde-section-380-139 bde-section\">\n  \n  \n\t\n\n\n\n<div class=\"section-container\"><h3 class=\"bde-heading-380-140 bde-heading\">\nHow do you write a good job application, put together a CV or prepare for an interview? Take a look at our articles for job seekers and get useful tips along the way.\n<\/h3><div class=\"bde-columns-380-141 bde-columns\"><div class=\"bde-column-380-142 bde-column\">\n  \n  \n\t\n\n\n\n<img decoding=\"async\" class=\"bde-image2-380-143 bde-image2\" src=\"https:\/\/r2abemanning.com\/wp-content\/uploads\/2025\/09\/1.webp\" loading=\"lazy\" srcset=\"https:\/\/r2abemanning.com\/wp-content\/uploads\/2025\/09\/1.webp 790w, https:\/\/r2abemanning.com\/wp-content\/uploads\/2025\/09\/1-300x200.webp 300w, https:\/\/r2abemanning.com\/wp-content\/uploads\/2025\/09\/1-768x511.webp 768w\" sizes=\"(max-width: 790px) 100vw, 790px\"><h4 class=\"bde-heading-380-144 bde-heading\">\nHow to prepare for work while studying\n<\/h4><div class=\"bde-text-380-145 bde-text\">\nDo you want to lay the foundation for a smooth transition from student life to working life?\n<\/div>\n<\/div><div class=\"bde-column-380-146 bde-column\">\n  \n  \n\t\n\n\n\n<img decoding=\"async\" class=\"bde-image2-380-147 bde-image2\" src=\"https:\/\/r2abemanning.com\/wp-content\/uploads\/2025\/09\/2.webp\" loading=\"lazy\" srcset=\"https:\/\/r2abemanning.com\/wp-content\/uploads\/2025\/09\/2.webp 790w, https:\/\/r2abemanning.com\/wp-content\/uploads\/2025\/09\/2-300x200.webp 300w, https:\/\/r2abemanning.com\/wp-content\/uploads\/2025\/09\/2-768x511.webp 768w\" sizes=\"(max-width: 790px) 100vw, 790px\"><h4 class=\"bde-heading-380-148 bde-heading\">\nNewly graduated and unemployed?\n<\/h4><div class=\"bde-text-380-149 bde-text\">\nThis is how you get started with your job search.\n<\/div>\n<\/div><div class=\"bde-column-380-150 bde-column\">\n  \n  \n\t\n\n\n\n<img decoding=\"async\" class=\"bde-image2-380-151 bde-image2\" src=\"https:\/\/r2abemanning.com\/wp-content\/uploads\/2025\/09\/3.webp\" loading=\"lazy\" srcset=\"https:\/\/r2abemanning.com\/wp-content\/uploads\/2025\/09\/3.webp 790w, https:\/\/r2abemanning.com\/wp-content\/uploads\/2025\/09\/3-300x200.webp 300w, https:\/\/r2abemanning.com\/wp-content\/uploads\/2025\/09\/3-768x511.webp 768w\" sizes=\"(max-width: 790px) 100vw, 790px\"><h4 class=\"bde-heading-380-152 bde-heading\">\nNewly graduated and unemployed?\n<\/h4><div class=\"bde-text-380-153 bde-text\">\nCongratulations, you made it to the end, the contract has been signed and soon your new work adventure will begin.\n<\/div>\n<\/div><div class=\"bde-column-380-154 bde-column\">\n  \n  \n\t\n\n\n\n<img decoding=\"async\" class=\"bde-image2-380-155 bde-image2\" src=\"https:\/\/r2abemanning.com\/wp-content\/uploads\/2025\/09\/4.webp\" loading=\"lazy\" srcset=\"https:\/\/r2abemanning.com\/wp-content\/uploads\/2025\/09\/4.webp 790w, https:\/\/r2abemanning.com\/wp-content\/uploads\/2025\/09\/4-300x200.webp 300w, https:\/\/r2abemanning.com\/wp-content\/uploads\/2025\/09\/4-768x511.webp 768w\" sizes=\"(max-width: 790px) 100vw, 790px\"><h4 class=\"bde-heading-380-156 bde-heading\">\nTemplate: how to set up a job application\n<\/h4><div class=\"bde-text-380-157 bde-text\">\nGet a natural flow to your job application from start to finish.\n<\/div>\n<\/div><\/div><\/div>\n<\/section>","protected":false},"excerpt":{"rendered":"<p>Jobbs\u00f8kere Ser du etter ny jobb? Vi hjelper og veileder deg gjennom jobbs\u00f8kerprosessen. Store deler av livet v\u00e5rt tilbringes p\u00e5 arbeidsplassen. Derfor er det viktig \u00e5 gj\u00f8re noe vi liker, i en virksomhet vi trives i. Samspillet mellom arbeidsmilj\u00f8, arbeidsoppgaver og egen motivasjon f\u00e5r oss til \u00e5 yte v\u00e5rt beste. Som rekrutteringsbyr\u00e5 og bemanningsbyr\u00e5 fokuserer [&hellip;]<\/p>","protected":false},"author":1,"featured_media":0,"parent":0,"menu_order":0,"comment_status":"closed","ping_status":"closed","template":"","meta":{"_breakdance_hide_in_design_set":false,"_breakdance_tags":"","footnotes":""},"class_list":["post-380","page","type-page","status-publish","hentry"],"_links":{"self":[{"href":"https:\/\/r2abemanning.com\/en\/wp-json\/wp\/v2\/pages\/380","targetHints":{"allow":["GET"]}}],"collection":[{"href":"https:\/\/r2abemanning.com\/en\/wp-json\/wp\/v2\/pages"}],"about":[{"href":"https:\/\/r2abemanning.com\/en\/wp-json\/wp\/v2\/types\/page"}],"author":[{"embeddable":true,"href":"https:\/\/r2abemanning.com\/en\/wp-json\/wp\/v2\/users\/1"}],"replies":[{"embeddable":true,"href":"https:\/\/r2abemanning.com\/en\/wp-json\/wp\/v2\/comments?post=380"}],"version-history":[{"count":5,"href":"https:\/\/r2abemanning.com\/en\/wp-json\/wp\/v2\/pages\/380\/revisions"}],"predecessor-version":[{"id":395,"href":"https:\/\/r2abemanning.com\/en\/wp-json\/wp\/v2\/pages\/380\/revisions\/395"}],"wp:attachment":[{"href":"https:\/\/r2abemanning.com\/en\/wp-json\/wp\/v2\/media?parent=380"}],"curies":[{"name":"wp","href":"https:\/\/api.w.org\/{rel}","templated":true}]}}