{"id":382,"date":"2025-09-30T08:20:16","date_gmt":"2025-09-30T07:20:16","guid":{"rendered":"https:\/\/r2abemanning.com\/?page_id=382"},"modified":"2025-10-01T13:52:37","modified_gmt":"2025-10-01T12:52:37","slug":"temporary-positions","status":"publish","type":"page","link":"https:\/\/r2abemanning.com\/en\/job-seekers\/temporary-positions\/","title":{"rendered":"temporary-positions"},"content":{"rendered":"<section class=\"bde-section-382-100 bde-section\">\n              \n  \n  \n\t\n\n  <div class=\"section-background-overlay\"><\/div>\n\n\n<div class=\"section-container\"><h1 class=\"bde-heading-382-101 bde-heading\">\nTemporary positions<br>\n<\/h1><\/div>\n<\/section><section class=\"bde-section-382-103 bde-section\">\n  \n  \n\t\n\n\n\n<div class=\"section-container\"><div class=\"bde-columns-382-104 bde-columns\"><div class=\"bde-column-382-105 bde-column\">\n  \n  \n\t\n\n\n\n<div class=\"bde-rich-text-382-106 bde-rich-text breakdance-rich-text-styles\">\n<p>There are many reasons why our candidates want to work as a temp. Some want a flexible working day with the opportunity to get to know a number of different companies, while others need more experience in the hunt for their dream job. Whatever the reason, we can help open doors for you to exciting opportunities in the workplace.<\/p><p>R2A has approximately 60+ employees working for our clients at any given time. The assignments are of both short and long duration, with both large and small businesses across the country, and within most industries and job categories.<\/p>\n<\/div>\n<\/div><div class=\"bde-column-382-107 bde-column\">\n  \n  \n\t\n\n\n\n<img decoding=\"async\" class=\"bde-image2-382-108 bde-image2\" src=\"https:\/\/r2abemanning.com\/wp-content\/uploads\/2025\/09\/14.webp\" loading=\"lazy\" srcset=\"https:\/\/r2abemanning.com\/wp-content\/uploads\/2025\/09\/14.webp 688w, https:\/\/r2abemanning.com\/wp-content\/uploads\/2025\/09\/14-300x216.webp 300w, https:\/\/r2abemanning.com\/wp-content\/uploads\/2025\/09\/14-18x12.webp 18w\" sizes=\"(max-width: 688px) 100vw, 688px\">\n<\/div><\/div><\/div>\n<\/section>","protected":false},"excerpt":{"rendered":"<p>Midlertidige stillinger Det er mange \u00e5rsaker til at v\u00e5re kandidater \u00f8nsker \u00e5 jobbe som vikar. Noen vil ha en fleksibel hverdag med mulighet for \u00e5 bli kjent med en rekke forskjellige bedrifter, mens andre trenger mer erfaring i jakten p\u00e5 dr\u00f8mmejobben. Uansett \u00e5rsak kan vi bidra til \u00e5 \u00e5pne d\u00f8rer for deg til spennende muligheter [&hellip;]<\/p>","protected":false},"author":1,"featured_media":0,"parent":380,"menu_order":0,"comment_status":"closed","ping_status":"closed","template":"","meta":{"_breakdance_hide_in_design_set":false,"_breakdance_tags":"","footnotes":""},"class_list":["post-382","page","type-page","status-publish","hentry"],"_links":{"self":[{"href":"https:\/\/r2abemanning.com\/en\/wp-json\/wp\/v2\/pages\/382","targetHints":{"allow":["GET"]}}],"collection":[{"href":"https:\/\/r2abemanning.com\/en\/wp-json\/wp\/v2\/pages"}],"about":[{"href":"https:\/\/r2abemanning.com\/en\/wp-json\/wp\/v2\/types\/page"}],"author":[{"embeddable":true,"href":"https:\/\/r2abemanning.com\/en\/wp-json\/wp\/v2\/users\/1"}],"replies":[{"embeddable":true,"href":"https:\/\/r2abemanning.com\/en\/wp-json\/wp\/v2\/comments?post=382"}],"version-history":[{"count":7,"href":"https:\/\/r2abemanning.com\/en\/wp-json\/wp\/v2\/pages\/382\/revisions"}],"predecessor-version":[{"id":591,"href":"https:\/\/r2abemanning.com\/en\/wp-json\/wp\/v2\/pages\/382\/revisions\/591"}],"up":[{"embeddable":true,"href":"https:\/\/r2abemanning.com\/en\/wp-json\/wp\/v2\/pages\/380"}],"wp:attachment":[{"href":"https:\/\/r2abemanning.com\/en\/wp-json\/wp\/v2\/media?parent=382"}],"curies":[{"name":"wp","href":"https:\/\/api.w.org\/{rel}","templated":true}]}}