{"id":401,"date":"2025-09-30T08:46:26","date_gmt":"2025-09-30T07:46:26","guid":{"rendered":"https:\/\/r2abemanning.com\/?page_id=401"},"modified":"2025-09-30T08:55:54","modified_gmt":"2025-09-30T07:55:54","slug":"permanent-positions","status":"publish","type":"page","link":"https:\/\/r2abemanning.com\/en\/job-seekers\/permanent-positions\/","title":{"rendered":"permanent-positions"},"content":{"rendered":"<section class=\"bde-section-401-100 bde-section\">\n              \n  \n  \n\t\n\n  <div class=\"section-background-overlay\"><\/div>\n\n\n<div class=\"section-container\"><h1 class=\"bde-heading-401-101 bde-heading\">\nPermanent positions\n<\/h1><div class=\"bde-text-401-102 bde-text\">\nR2A recruits for a significant number of permanent positions each year within most industries and job categories.\n<\/div><\/div>\n<\/section><section class=\"bde-section-401-103 bde-section\">\n  \n  \n\t\n\n\n\n<div class=\"section-container\"><div class=\"bde-columns-401-104 bde-columns\"><div class=\"bde-column-401-105 bde-column\">\n  \n  \n\t\n\n\n\n<div class=\"bde-rich-text-401-106 bde-rich-text breakdance-rich-text-styles\">\n<p>To be considered for our permanent positions, you can either apply for a specific position or register your CV in our candidate database. We carefully review all job applications and call relevant candidates in for a personal interview with a view to immediate or future job opportunities. During the interview, we map out your qualifications, but also what expectations and wishes you have for a new job. We then ensure that you are presented with the jobs that match you.<\/p><p>In connection with the interview, we will also update your candidate profile. R2A actively searches our database in connection with all recruitments. A good number of our positions are not advertised, therefore it is a great advantage to be registered in our systems.<\/p><p>Each month, selected candidates are presented to our 10,000 contact persons in Norwegian companies. We will of course arrange a presentation of you as a candidate in advance.<\/p>\n<\/div>\n<\/div><div class=\"bde-column-401-107 bde-column\">\n  \n  \n\t\n\n\n\n<img decoding=\"async\" class=\"bde-image2-401-108 bde-image2\" src=\"https:\/\/r2abemanning.com\/wp-content\/uploads\/2025\/09\/21-1.webp\" loading=\"lazy\" srcset=\"https:\/\/r2abemanning.com\/wp-content\/uploads\/2025\/09\/21-1.webp 688w, https:\/\/r2abemanning.com\/wp-content\/uploads\/2025\/09\/21-1-300x216.webp 300w, https:\/\/r2abemanning.com\/wp-content\/uploads\/2025\/09\/21-1-18x12.webp 18w\" sizes=\"(max-width: 688px) 100vw, 688px\">\n<\/div><\/div><\/div>\n<\/section>","protected":false},"excerpt":{"rendered":"<p>Faste stillinger R2A rekrutterer til et betydelig antall faste stillinger hvert \u00e5r innen de fleste bransjer og stillingskategorier. For \u00e5 vurderes til v\u00e5re faste stillinger kan du enten s\u00f8ke p\u00e5 en konkret stilling, eller registrere CV i v\u00e5r kandidatbase. Vi g\u00e5r n\u00f8ye gjennom alle jobbs\u00f8knader og kaller aktuelle kandidater inn til et personlig intervju med [&hellip;]<\/p>","protected":false},"author":1,"featured_media":0,"parent":380,"menu_order":0,"comment_status":"closed","ping_status":"closed","template":"","meta":{"_breakdance_hide_in_design_set":false,"_breakdance_tags":"","footnotes":""},"class_list":["post-401","page","type-page","status-publish","hentry"],"_links":{"self":[{"href":"https:\/\/r2abemanning.com\/en\/wp-json\/wp\/v2\/pages\/401","targetHints":{"allow":["GET"]}}],"collection":[{"href":"https:\/\/r2abemanning.com\/en\/wp-json\/wp\/v2\/pages"}],"about":[{"href":"https:\/\/r2abemanning.com\/en\/wp-json\/wp\/v2\/types\/page"}],"author":[{"embeddable":true,"href":"https:\/\/r2abemanning.com\/en\/wp-json\/wp\/v2\/users\/1"}],"replies":[{"embeddable":true,"href":"https:\/\/r2abemanning.com\/en\/wp-json\/wp\/v2\/comments?post=401"}],"version-history":[{"count":3,"href":"https:\/\/r2abemanning.com\/en\/wp-json\/wp\/v2\/pages\/401\/revisions"}],"predecessor-version":[{"id":408,"href":"https:\/\/r2abemanning.com\/en\/wp-json\/wp\/v2\/pages\/401\/revisions\/408"}],"up":[{"embeddable":true,"href":"https:\/\/r2abemanning.com\/en\/wp-json\/wp\/v2\/pages\/380"}],"wp:attachment":[{"href":"https:\/\/r2abemanning.com\/en\/wp-json\/wp\/v2\/media?parent=401"}],"curies":[{"name":"wp","href":"https:\/\/api.w.org\/{rel}","templated":true}]}}