{"id":409,"date":"2025-09-30T08:58:09","date_gmt":"2025-09-30T07:58:09","guid":{"rendered":"https:\/\/r2abemanning.com\/?page_id=409"},"modified":"2025-09-30T09:07:51","modified_gmt":"2025-09-30T08:07:51","slug":"students-and-graduates","status":"publish","type":"page","link":"https:\/\/r2abemanning.com\/en\/job-seekers\/students-and-graduates\/","title":{"rendered":"Students and graduates"},"content":{"rendered":"<section class=\"bde-section-409-100 bde-section\">\n              \n  \n  \n\t\n\n  <div class=\"section-background-overlay\"><\/div>\n\n\n<div class=\"section-container\"><h1 class=\"bde-heading-409-101 bde-heading\">\nStudents and graduates\n<\/h1><\/div>\n<\/section><section class=\"bde-section-409-103 bde-section\">\n  \n  \n\t\n\n\n\n<div class=\"section-container\"><h3 class=\"bde-heading-409-104 bde-heading\">\nWe help you in the right direction\n<\/h3><div class=\"bde-text-409-105 bde-text\">\nYour first job helps determine the direction your career can take. We want to help you get a foothold in the business world and make the right choices to get where you want to go.\n<\/div><\/div>\n<\/section><section class=\"bde-section-409-107 bde-section\">\n  \n  \n\t\n\n\n\n<div class=\"section-container\"><div class=\"bde-columns-409-108 bde-columns\"><div class=\"bde-column-409-109 bde-column\">\n  \n  \n\t\n\n\n\n<div class=\"bde-rich-text-409-110 bde-rich-text breakdance-rich-text-styles\">\n<div><h2>For those of you who are a student or at the start of your career<\/h2><\/div><div><p>We know that today&#039;s students are becoming increasingly educated. With electives, exchanges, internships and positions, they acquire a lot of knowledge and expertise already from school. R2A collaborates with many exciting companies that want to attract this particular target group, in addition to good relationships with various educational institutions.<\/p><p>Our goal is to give students and recent graduates a positive experience on their way into the job market.<\/p><\/div>\n<\/div>\n<\/div><div class=\"bde-column-409-111 bde-column\">\n  \n  \n\t\n\n\n\n<img decoding=\"async\" class=\"bde-image2-409-112 bde-image2\" src=\"https:\/\/r2abemanning.com\/wp-content\/uploads\/2025\/09\/bilder-ny-webside-2023-6.webp\" loading=\"lazy\" srcset=\"https:\/\/r2abemanning.com\/wp-content\/uploads\/2025\/09\/bilder-ny-webside-2023-6.webp 688w, https:\/\/r2abemanning.com\/wp-content\/uploads\/2025\/09\/bilder-ny-webside-2023-6-300x216.webp 300w, https:\/\/r2abemanning.com\/wp-content\/uploads\/2025\/09\/bilder-ny-webside-2023-6-18x12.webp 18w\" sizes=\"(max-width: 688px) 100vw, 688px\">\n<\/div><\/div><\/div>\n<\/section><section class=\"bde-section-409-113 bde-section\">\n  \n  \n\t\n\n\n\n<div class=\"section-container\"><div class=\"bde-columns-409-114 bde-columns\"><div class=\"bde-column-409-115 bde-column\">\n  \n  \n\t\n\n\n\n<img decoding=\"async\" class=\"bde-image2-409-116 bde-image2\" src=\"https:\/\/r2abemanning.com\/wp-content\/uploads\/2025\/09\/bilder-ny-webside-2023-4.webp\" loading=\"lazy\" srcset=\"https:\/\/r2abemanning.com\/wp-content\/uploads\/2025\/09\/bilder-ny-webside-2023-4.webp 688w, https:\/\/r2abemanning.com\/wp-content\/uploads\/2025\/09\/bilder-ny-webside-2023-4-300x216.webp 300w, https:\/\/r2abemanning.com\/wp-content\/uploads\/2025\/09\/bilder-ny-webside-2023-4-18x12.webp 18w\" sizes=\"(max-width: 688px) 100vw, 688px\">\n<\/div><div class=\"bde-column-409-117 bde-column\">\n  \n  \n\t\n\n\n\n<div class=\"bde-rich-text-409-118 bde-rich-text breakdance-rich-text-styles\">\n<div><h2>Search and register<\/h2><\/div><div><p>Become part of our candidate base by submitting an application for a specific position, or register your CV with us.\u00a0<\/p><p>We actively search the candidate database in connection with all recruitments. If you are an active applicant, it is important to keep your profile updated at all times. Many positions are not advertised - you will therefore benefit greatly from being registered in our systems.<\/p><\/div>\n<\/div>\n<\/div><\/div><\/div>\n<\/section><section class=\"bde-section-409-119 bde-section\">\n  \n  \n\t\n\n\n\n<div class=\"section-container\"><div class=\"bde-columns-409-120 bde-columns\"><div class=\"bde-column-409-121 bde-column\">\n  \n  \n\t\n\n\n\n<div class=\"bde-rich-text-409-122 bde-rich-text breakdance-rich-text-styles\">\n<div><h2>Temporary position<\/h2><\/div><div><p>Working on a temporary or temporary basis is a perfect opportunity for those who want to try their hand at different industries, expand their network or get to know different companies. Some want a flexible working day while others need relevant experience in the hunt for their &quot;dream job&quot;. Not least, a temporary position alongside your studies can give you the advantage you need when you are about to land your first job.\u00a0<\/p><p>Whatever the reason, we can help open the doors to exciting opportunities in the workplace for students and recent graduates.<\/p><\/div>\n<\/div>\n<\/div><div class=\"bde-column-409-123 bde-column\">\n  \n  \n\t\n\n\n\n<img decoding=\"async\" class=\"bde-image2-409-124 bde-image2\" src=\"https:\/\/r2abemanning.com\/wp-content\/uploads\/2025\/09\/young-talent-recruitment.webp\" loading=\"lazy\" srcset=\"https:\/\/r2abemanning.com\/wp-content\/uploads\/2025\/09\/young-talent-recruitment.webp 688w, https:\/\/r2abemanning.com\/wp-content\/uploads\/2025\/09\/young-talent-recruitment-300x216.webp 300w, https:\/\/r2abemanning.com\/wp-content\/uploads\/2025\/09\/young-talent-recruitment-18x12.webp 18w\" sizes=\"(max-width: 688px) 100vw, 688px\">\n<\/div><\/div><\/div>\n<\/section><section class=\"bde-section-409-125 bde-section\">\n  \n  \n\t\n\n\n\n<div class=\"section-container\"><div class=\"bde-columns-409-126 bde-columns\"><div class=\"bde-column-409-127 bde-column\">\n  \n  \n\t\n\n\n\n<img decoding=\"async\" class=\"bde-image2-409-128 bde-image2\" src=\"https:\/\/r2abemanning.com\/wp-content\/uploads\/2025\/09\/young-talent-re.webp\" loading=\"lazy\" srcset=\"https:\/\/r2abemanning.com\/wp-content\/uploads\/2025\/09\/young-talent-re.webp 688w, https:\/\/r2abemanning.com\/wp-content\/uploads\/2025\/09\/young-talent-re-300x216.webp 300w, https:\/\/r2abemanning.com\/wp-content\/uploads\/2025\/09\/young-talent-re-18x12.webp 18w\" sizes=\"(max-width: 688px) 100vw, 688px\">\n<\/div><div class=\"bde-column-409-129 bde-column\">\n  \n  \n\t\n\n\n\n<div class=\"bde-rich-text-409-130 bde-rich-text breakdance-rich-text-styles\">\n<div><h2>Recruitment for permanent positions<\/h2><\/div><div><p>We recruit for both full-time and part-time positions across all of R2A&#039;s clients across the country.<\/p><p>Are you a student looking for a relevant job alongside your studies? Or have you graduated and are about to enter the workforce full-time? R2A can introduce you to exciting positions within most industries.<\/p><\/div>\n<\/div>\n<\/div><\/div><\/div>\n<\/section><section class=\"bde-section-409-131 bde-section\">\n  \n  \n\t\n\n\n\n<div class=\"section-container\"><div class=\"bde-columns-409-132 bde-columns\"><div class=\"bde-column-409-133 bde-column\">\n  \n  \n\t\n\n\n\n<div class=\"bde-rich-text-409-134 bde-rich-text breakdance-rich-text-styles\">\n<div><h2>Why choose us?<\/h2><\/div><div><p>We put people in focus. We care about our candidates and conduct personal interviews where professional and personal qualifications are thoroughly examined. Our marketing communication is based on direct dialogue with both customers and candidates.<\/p><p>So, what opportunities can we offer you?\u00a0<\/p><ul><li>We have advisors who speak your language and can help you see your own potential.<\/li><li>You may be presented as one of the few, instead of being one of many in an application process.<\/li><li>You may be presented with positions you might not have applied for yourself.<\/li><li>You can get a relevant part-time job alongside your studies or a relevant job after your studies.<\/li><li>We have good tips and advice for both CV and application writing.<\/li><\/ul><\/div>\n<\/div>\n<\/div><div class=\"bde-column-409-135 bde-column\">\n  \n  \n\t\n\n\n\n<img decoding=\"async\" class=\"bde-image2-409-136 bde-image2\" src=\"https:\/\/r2abemanning.com\/wp-content\/uploads\/2025\/09\/22.webp\" loading=\"lazy\" srcset=\"https:\/\/r2abemanning.com\/wp-content\/uploads\/2025\/09\/22.webp 688w, https:\/\/r2abemanning.com\/wp-content\/uploads\/2025\/09\/22-300x216.webp 300w, https:\/\/r2abemanning.com\/wp-content\/uploads\/2025\/09\/22-18x12.webp 18w\" sizes=\"(max-width: 688px) 100vw, 688px\">\n<\/div><\/div><\/div>\n<\/section><section class=\"bde-section-409-137 bde-section\">\n  \n  \n\t\n\n\n\n<div class=\"section-container\"><h3 class=\"bde-heading-409-138 bde-heading\">\nHow do you write a good job application, put together a CV or prepare for an interview? Take a look at our articles for job seekers and get useful tips along the way.\n<\/h3><div class=\"bde-columns-409-139 bde-columns\"><div class=\"bde-column-409-140 bde-column\">\n  \n  \n\t\n\n\n\n<img decoding=\"async\" class=\"bde-image2-409-141 bde-image2\" src=\"https:\/\/r2abemanning.com\/wp-content\/uploads\/2025\/09\/student_overgang_temp-team.webp\" loading=\"lazy\" srcset=\"https:\/\/r2abemanning.com\/wp-content\/uploads\/2025\/09\/student_overgang_temp-team.webp 790w, https:\/\/r2abemanning.com\/wp-content\/uploads\/2025\/09\/student_overgang_temp-team-300x200.webp 300w, https:\/\/r2abemanning.com\/wp-content\/uploads\/2025\/09\/student_overgang_temp-team-768x511.webp 768w, https:\/\/r2abemanning.com\/wp-content\/uploads\/2025\/09\/student_overgang_temp-team-18x12.webp 18w\" sizes=\"(max-width: 790px) 100vw, 790px\"><h4 class=\"bde-heading-409-142 bde-heading\">\nHow to prepare for work while studying\n<\/h4><div class=\"bde-text-409-143 bde-text\">\nDo you want to lay the foundation for a smooth transition from student life to working life?\n<\/div>\n<\/div><div class=\"bde-column-409-144 bde-column\">\n  \n  \n\t\n\n\n\n<img decoding=\"async\" class=\"bde-image2-409-145 bde-image2\" src=\"https:\/\/r2abemanning.com\/wp-content\/uploads\/2025\/09\/god_start_ny_jobb_temp-team_rekruttering_bemanning.webp\" loading=\"lazy\" srcset=\"https:\/\/r2abemanning.com\/wp-content\/uploads\/2025\/09\/god_start_ny_jobb_temp-team_rekruttering_bemanning.webp 790w, https:\/\/r2abemanning.com\/wp-content\/uploads\/2025\/09\/god_start_ny_jobb_temp-team_rekruttering_bemanning-300x200.webp 300w, https:\/\/r2abemanning.com\/wp-content\/uploads\/2025\/09\/god_start_ny_jobb_temp-team_rekruttering_bemanning-768x511.webp 768w, https:\/\/r2abemanning.com\/wp-content\/uploads\/2025\/09\/god_start_ny_jobb_temp-team_rekruttering_bemanning-18x12.webp 18w\" sizes=\"(max-width: 790px) 100vw, 790px\"><h4 class=\"bde-heading-409-146 bde-heading\">\nNewly graduated and unemployed?\n<\/h4><div class=\"bde-text-409-147 bde-text\">\nThis is how you get started with your job search.\n<\/div>\n<\/div><div class=\"bde-column-409-148 bde-column\">\n  \n  \n\t\n\n\n\n<img decoding=\"async\" class=\"bde-image2-409-149 bde-image2\" src=\"https:\/\/r2abemanning.com\/wp-content\/uploads\/2025\/09\/temp-team-talent-jobb-nyutdannet.webp\" loading=\"lazy\" srcset=\"https:\/\/r2abemanning.com\/wp-content\/uploads\/2025\/09\/temp-team-talent-jobb-nyutdannet.webp 790w, https:\/\/r2abemanning.com\/wp-content\/uploads\/2025\/09\/temp-team-talent-jobb-nyutdannet-300x200.webp 300w, https:\/\/r2abemanning.com\/wp-content\/uploads\/2025\/09\/temp-team-talent-jobb-nyutdannet-768x511.webp 768w, https:\/\/r2abemanning.com\/wp-content\/uploads\/2025\/09\/temp-team-talent-jobb-nyutdannet-18x12.webp 18w\" sizes=\"(max-width: 790px) 100vw, 790px\"><h4 class=\"bde-heading-409-150 bde-heading\">\n4 tips on how to get a good start in your new job!\n<\/h4><div class=\"bde-text-409-151 bde-text\">\nCongratulations, you made it to the end, the contract has been signed and soon your new work adventure will begin.\n<\/div>\n<\/div><div class=\"bde-column-409-152 bde-column\">\n  \n  \n\t\n\n\n\n<img decoding=\"async\" class=\"bde-image2-409-153 bde-image2\" src=\"https:\/\/r2abemanning.com\/wp-content\/uploads\/2025\/09\/rekrutteringsutfordringer-2022-3.webp\" loading=\"lazy\" srcset=\"https:\/\/r2abemanning.com\/wp-content\/uploads\/2025\/09\/rekrutteringsutfordringer-2022-3.webp 790w, https:\/\/r2abemanning.com\/wp-content\/uploads\/2025\/09\/rekrutteringsutfordringer-2022-3-300x200.webp 300w, https:\/\/r2abemanning.com\/wp-content\/uploads\/2025\/09\/rekrutteringsutfordringer-2022-3-768x511.webp 768w, https:\/\/r2abemanning.com\/wp-content\/uploads\/2025\/09\/rekrutteringsutfordringer-2022-3-18x12.webp 18w\" sizes=\"(max-width: 790px) 100vw, 790px\"><h4 class=\"bde-heading-409-154 bde-heading\">\nTemplate: how to set up a job application\n<\/h4><div class=\"bde-text-409-155 bde-text\">\nGet a natural flow to your job application from start to finish.\n<\/div>\n<\/div><\/div><\/div>\n<\/section>","protected":false},"excerpt":{"rendered":"<p>Studenter og nyutdannede Vi hjelper deg i riktig retning Den f\u00f8rste jobben din er med p\u00e5 \u00e5 bestemme hvilken retning karrieren din kan ta. Vi \u00f8nsker \u00e5 hjelpe deg med \u00e5 f\u00e5 en fot innenfor n\u00e6ringslivet, og ta de rette valgene for \u00e5 komme dit du \u00f8nsker. For deg som er student eller i starten [&hellip;]<\/p>","protected":false},"author":1,"featured_media":0,"parent":380,"menu_order":0,"comment_status":"closed","ping_status":"closed","template":"","meta":{"_breakdance_hide_in_design_set":false,"_breakdance_tags":"","footnotes":""},"class_list":["post-409","page","type-page","status-publish","hentry"],"_links":{"self":[{"href":"https:\/\/r2abemanning.com\/en\/wp-json\/wp\/v2\/pages\/409","targetHints":{"allow":["GET"]}}],"collection":[{"href":"https:\/\/r2abemanning.com\/en\/wp-json\/wp\/v2\/pages"}],"about":[{"href":"https:\/\/r2abemanning.com\/en\/wp-json\/wp\/v2\/types\/page"}],"author":[{"embeddable":true,"href":"https:\/\/r2abemanning.com\/en\/wp-json\/wp\/v2\/users\/1"}],"replies":[{"embeddable":true,"href":"https:\/\/r2abemanning.com\/en\/wp-json\/wp\/v2\/comments?post=409"}],"version-history":[{"count":2,"href":"https:\/\/r2abemanning.com\/en\/wp-json\/wp\/v2\/pages\/409\/revisions"}],"predecessor-version":[{"id":421,"href":"https:\/\/r2abemanning.com\/en\/wp-json\/wp\/v2\/pages\/409\/revisions\/421"}],"up":[{"embeddable":true,"href":"https:\/\/r2abemanning.com\/en\/wp-json\/wp\/v2\/pages\/380"}],"wp:attachment":[{"href":"https:\/\/r2abemanning.com\/en\/wp-json\/wp\/v2\/media?parent=409"}],"curies":[{"name":"wp","href":"https:\/\/api.w.org\/{rel}","templated":true}]}}