{"id":463,"date":"2025-09-30T11:45:36","date_gmt":"2025-09-30T10:45:36","guid":{"rendered":"https:\/\/r2abemanning.com\/?page_id=463"},"modified":"2025-09-30T13:21:05","modified_gmt":"2025-09-30T12:21:05","slug":"contact-us-in-temp-team","status":"publish","type":"page","link":"https:\/\/r2abemanning.com\/en\/contact-us-in-temp-team\/","title":{"rendered":"Kontakt oss i R2A"},"content":{"rendered":"<section class=\"bde-section-463-100 bde-section\">\n  \n  \n\t\n\n\n\n<div class=\"section-container\"><div class=\"bde-columns-463-101 bde-columns\"><div class=\"bde-column-463-102 bde-column\">\n  \n  \n\t\n\n\n\n<div class=\"bde-rich-text-463-104 bde-rich-text breakdance-rich-text-styles\">\n<h2>Contact R2A<\/h2><p>Welcome to R2A!<\/p><p>We are here to help you, whether you are looking for new, qualified employees, need professional advice and support in the recruitment process - or whether you yourself are looking for exciting career opportunities.<\/p><p>Do not hesitate to contact us for answers to questions about staffing and recruitment, our local branch offices are ready to help you.<\/p><p>We look forward to hearing from you!<\/p><hr \/><p>Railway Street 9<\/p><p>7600 LEAVES<\/p><h5><a href=\"tel:+4798884133\" target=\"_self\" data-type=\"url\">98 88 41 33<\/a><\/h5><h5><a href=\"mailto:post@r2abemanning.com\" target=\"_self\" data-type=\"url\">post@r2abemanning.com<\/a><\/h5>\n<\/div>\n<\/div><div class=\"bde-column-463-103 bde-column\">\n  \n  \n\t\n\n\n\n<div class=\"bde-code-block-463-105 bde-code-block\">\n\n  <iframe src=\"https:\/\/www.google.com\/maps\/embed?pb=!1m18!1m12!1m3!1d1764.9989946375301!2d11.295393177765446!3d63.74443617704502!2m3!1f0!2f0!3f0!3m2!1i1024!2i768!4f13.1!3m3!1m2!1s0x466d65a9d5f9fa8d%3A0xd7b67596da79bab3!2zSmVybmJhbmVnYXRhIDksIDc2MDAgTGV2YW5nZXIsINCd0L7RgNCy0LXQs9C40Y8!5e0!3m2!1sru!2sus!4v1759234634417!5m2!1sru!2sus\" width=\"600\" height=\"450\" style=\"border:0;\" allowfullscreen=\"\" loading=\"lazy\" referrerpolicy=\"no-referrer-when-downgrade\"><\/iframe>\n\n\n<\/div>\n<\/div><\/div><\/div>\n<\/section>","protected":false},"excerpt":{"rendered":"<p>Kontakt R2AVelkommen til R2A!Vi er her for \u00e5 hjelpe deg, uansett om du leter etter nye, kvalifiserte medarbeidere, trenger profesjonell r\u00e5dgivning og st\u00f8tte i rekrutteringsprosessen &#8211; eller om du selv er p\u00e5 jakt etter spennende karrieremuligheter.Ikke n\u00f8l med \u00e5 kontakte oss for \u00e5 f\u00e5 svar p\u00e5 sp\u00f8rsm\u00e5l om bemanning og rekruttering, v\u00e5re lokale avdelingskontor st\u00e5r [&hellip;]<\/p>","protected":false},"author":1,"featured_media":0,"parent":0,"menu_order":0,"comment_status":"closed","ping_status":"closed","template":"","meta":{"_breakdance_hide_in_design_set":false,"_breakdance_tags":"","footnotes":""},"class_list":["post-463","page","type-page","status-publish","hentry"],"_links":{"self":[{"href":"https:\/\/r2abemanning.com\/en\/wp-json\/wp\/v2\/pages\/463","targetHints":{"allow":["GET"]}}],"collection":[{"href":"https:\/\/r2abemanning.com\/en\/wp-json\/wp\/v2\/pages"}],"about":[{"href":"https:\/\/r2abemanning.com\/en\/wp-json\/wp\/v2\/types\/page"}],"author":[{"embeddable":true,"href":"https:\/\/r2abemanning.com\/en\/wp-json\/wp\/v2\/users\/1"}],"replies":[{"embeddable":true,"href":"https:\/\/r2abemanning.com\/en\/wp-json\/wp\/v2\/comments?post=463"}],"version-history":[{"count":9,"href":"https:\/\/r2abemanning.com\/en\/wp-json\/wp\/v2\/pages\/463\/revisions"}],"predecessor-version":[{"id":477,"href":"https:\/\/r2abemanning.com\/en\/wp-json\/wp\/v2\/pages\/463\/revisions\/477"}],"wp:attachment":[{"href":"https:\/\/r2abemanning.com\/en\/wp-json\/wp\/v2\/media?parent=463"}],"curies":[{"name":"wp","href":"https:\/\/api.w.org\/{rel}","templated":true}]}}