{"id":484,"date":"2025-09-30T16:59:02","date_gmt":"2025-09-30T15:59:02","guid":{"rendered":"https:\/\/r2abemanning.com\/?page_id=484"},"modified":"2025-10-01T15:48:09","modified_gmt":"2025-10-01T14:48:09","slug":"restructuring-and-downsizing","status":"publish","type":"page","link":"https:\/\/r2abemanning.com\/en\/companies\/restructuring-and-downsizing\/","title":{"rendered":"omstilling-og-nedbemanning"},"content":{"rendered":"<section class=\"bde-section-484-100 bde-section\">\n              \n  \n  \n\t\n\n  <div class=\"section-background-overlay\"><\/div>\n\n\n<div class=\"section-container\"><h1 class=\"bde-heading-484-101 bde-heading\">\nRestructuring and downsizing<br>\n<\/h1><\/div>\n<\/section><section class=\"bde-section-484-103 bde-section\">\n  \n  \n\t\n\n\n\n<div class=\"section-container\"><div class=\"bde-text-484-104 bde-text\">\nRestructuring and downsizing can be a challenging process for both employers and employees. The advice from R2A is that there is much to be gained from the process being perceived as orderly and predictable for both employee and employer. Here you can read some useful tips and advice for safeguarding employees in these challenging processes.\n<\/div><\/div>\n<\/section><section class=\"bde-section-484-105 bde-section\">\n  \n  \n\t\n\n\n\n<div class=\"section-container\"><div class=\"bde-rich-text-484-106 bde-rich-text breakdance-rich-text-styles\">\n<h4>Make a thorough plan<\/h4><p>The first step is to develop a clear plan and process for handling the liquidation. This ensures that it is clear what will be done, when it will be done, and who is responsible. A well-planned downsizing is characterized by openness, clear communication, and good care for the employees who will be affected. It is important to communicate the timeline and process clearly to create security and predictability.<\/p><h4>Communicate openly and clearly<\/h4><p>Good and correct communication is crucial during a downsizing process. Inform employees about the reason for the downsizing, the process that will be followed, and the consequences it will have. Be honest and allow room for questions and discussion. Taking care of both those who remain in the business and those who become redundant is very important, both from an employer branding perspective, but also to create security and predictability for employees. This shows respect for employees and helps to create trust.<\/p><h4>Take care of the affected employees<\/h4><p>During downsizing, it is important to look after both those who are made redundant and those who remain in the business. Consider including career counselling as part of the severance package for those affected. This provides support and guidance in the job search process and helps those affected to settle into a new job more quickly.<\/p><p>We at R2A collaborate with Karrierehuset, a professional player that assists companies with restructuring and downsizing. Offering a neutral sparring partner will give those affected security and motivation, a structured and targeted job search process and help to see new opportunities.\u00a0<\/p><h4>Get professional assistance<\/h4><p>Experts in career guidance and coaching can contribute with expertise in the labor market, competency mapping, counseling, job search tools and interview training. The employee will be presented with solutions and opportunities that he or she might not have considered on his or her own, while taking into account his or her own wishes and ambitions. The purpose is to help people move forward in the labor market and ensure a quick path into a new job.<\/p><p>If you would like advice and information on how we can assist your company, you are welcome to contact one of our advisors here at R2A. Fill out the form below, call <a href=\"tel:+4798884133\" target=\"_self\" data-type=\"url\">98 88 41 33<\/a> or send us an email at <a href=\"mailto:post@r2abemanning.com\" target=\"_self\" data-type=\"url\">post@r2abemanning.com<\/a><\/p>\n<\/div><\/div>\n<\/section>","protected":false},"excerpt":{"rendered":"<p>Omstilling og nedbemanning Omstilling og nedbemanning kan v\u00e6re en utfordrende prosess b\u00e5de for arbeidsgivere og ansatte. R\u00e5det fra R2A er at det er mye \u00e5 vinne p\u00e5 at prosessen oppleves som ryddig og forutsigbar for b\u00e5de arbeidstaker og arbeidsgiver. Her kan du lese noen nyttige tips og r\u00e5d for \u00e5 ivareta medarbeiderne i disse utfordrende [&hellip;]<\/p>","protected":false},"author":1,"featured_media":0,"parent":78,"menu_order":0,"comment_status":"closed","ping_status":"closed","template":"","meta":{"_breakdance_hide_in_design_set":false,"_breakdance_tags":"","footnotes":""},"class_list":["post-484","page","type-page","status-publish","hentry"],"_links":{"self":[{"href":"https:\/\/r2abemanning.com\/en\/wp-json\/wp\/v2\/pages\/484","targetHints":{"allow":["GET"]}}],"collection":[{"href":"https:\/\/r2abemanning.com\/en\/wp-json\/wp\/v2\/pages"}],"about":[{"href":"https:\/\/r2abemanning.com\/en\/wp-json\/wp\/v2\/types\/page"}],"author":[{"embeddable":true,"href":"https:\/\/r2abemanning.com\/en\/wp-json\/wp\/v2\/users\/1"}],"replies":[{"embeddable":true,"href":"https:\/\/r2abemanning.com\/en\/wp-json\/wp\/v2\/comments?post=484"}],"version-history":[{"count":6,"href":"https:\/\/r2abemanning.com\/en\/wp-json\/wp\/v2\/pages\/484\/revisions"}],"predecessor-version":[{"id":610,"href":"https:\/\/r2abemanning.com\/en\/wp-json\/wp\/v2\/pages\/484\/revisions\/610"}],"up":[{"embeddable":true,"href":"https:\/\/r2abemanning.com\/en\/wp-json\/wp\/v2\/pages\/78"}],"wp:attachment":[{"href":"https:\/\/r2abemanning.com\/en\/wp-json\/wp\/v2\/media?parent=484"}],"curies":[{"name":"wp","href":"https:\/\/api.w.org\/{rel}","templated":true}]}}