{"id":492,"date":"2025-09-30T17:11:36","date_gmt":"2025-09-30T16:11:36","guid":{"rendered":"https:\/\/r2abemanning.com\/?page_id=492"},"modified":"2025-10-02T16:06:51","modified_gmt":"2025-10-02T15:06:51","slug":"approvals-from-the-labour-inspectorate","status":"publish","type":"page","link":"https:\/\/r2abemanning.com\/en\/about-us\/approvals-from-the-labour-inspectorate\/","title":{"rendered":"godkjenninger-fra-arbeidstilsynet"},"content":{"rendered":"<section class=\"bde-section-492-100 bde-section\">\n              \n  \n  \n\t\n\n  <div class=\"section-background-overlay\"><\/div>\n\n\n<div class=\"section-container\"><h1 class=\"bde-heading-492-101 bde-heading\">\nApprovals from the Norwegian Labour Inspection Authority\n<\/h1><\/div>\n<\/section><section class=\"bde-section-492-103 bde-section\">\n  \n  \n\t\n\n\n\n<div class=\"section-container\"><div class=\"bde-rich-text-492-104 bde-rich-text breakdance-rich-text-styles\">\n<h4>Approved and registered in the Norwegian Labour Inspection Authority&#039;s register of staffing agencies<\/h4><p>R2A AS is approved and registered in the Norwegian Labour Inspection Authority&#039;s register of staffing agencies. All staffing agencies that provide labour in Norway must be registered with the Norwegian Labour Inspection Authority. It is prohibited to purchase staffing services from businesses that are not listed in this register.<\/p><p>More information about the requirements for staffing agencies can be found here.<\/p><h4>Approved cleaning company<\/h4><p>R2A AS is a publicly approved cleaning company and meets the requirements for approval, cf. regulations on the approval of cleaning companies and the purchase of cleaning services, Section 7 (FOR 2012-05-08 no. 408).<\/p><h4>Approved business that offers car care, wheel changes and wheel storage<\/h4><p>R2A AS is approved by the Norwegian Labour Inspection Authority to offer services within car washing, tire changing and tire hotels.<br \/><br \/>Status and more information can be found here<\/p>\n<\/div><\/div>\n<\/section><section class=\"bde-section-492-105 bde-section\">\n  \n  \n\t\n\n\n\n<div class=\"section-container\"><h4 class=\"bde-heading-492-106 bde-heading\">\nContact us by filling out the form or call - 98 88 41 33\n<\/h4><div class=\"bde-columns-492-107 bde-columns\"><div class=\"bde-column-492-108 bde-column\">\n  \n  \n\t\n\n\n\n<div class=\"bde-form-builder-492-109 bde-form-builder\">\n\n\n<form id=\"contact-form109\" class=\"breakdance-form breakdance-form--vertical\" data-options=\"{&quot;slug&quot;:&quot;custom&quot;,&quot;name&quot;:&quot;Contact Form&quot;,&quot;ajaxUrl&quot;:&quot;https:\\\/\\\/r2abemanning.com\\\/wp-admin\\\/admin-ajax.php&quot;,&quot;clearOnSuccess&quot;:true,&quot;hideOnSuccess&quot;:false,&quot;successMessage&quot;:&quot;Your message has been received!&quot;,&quot;errorMessage&quot;:&quot;Something went wrong&quot;,&quot;redirect&quot;:false,&quot;redirectUrl&quot;:&quot;&quot;,&quot;customJavaScript&quot;:&quot;&quot;,&quot;recaptcha&quot;:{&quot;key&quot;:&quot;&quot;,&quot;enabled&quot;:false},&quot;honeypot_enabled&quot;:false,&quot;popupsOnSuccess&quot;:[],&quot;popupsOnError&quot;:[]}\" data-steps=\"0\" action=\"\" >\n  \n  \n  \n<div class=\"breakdance-form-field breakdance-form-field--text\" >\n    \n    \n            <label class=\"breakdance-form-field__label\" for=\"name\">\n            First name <span class=\"breakdance-form-field__required\">*<\/span>\n        <\/label>\n    \n    <input\n    class=\"breakdance-form-field__input\"\n    id=\"name\"\n    aria-describedby=\"name\"\n    type=\"text\"\n    name=\"fields[name]\"\n    placeholder=\"\"\n    value=\"\"\n                \n        \n        \n    required\n>\n\n\n    \n    \n<\/div>\n\n\n<div class=\"breakdance-form-field breakdance-form-field--text\" >\n    \n    \n            <label class=\"breakdance-form-field__label\" for=\"quyskv\">\n            Telephone number<span class=\"breakdance-form-field__required\">*<\/span>\n        <\/label>\n    \n    <input\n    class=\"breakdance-form-field__input\"\n    id=\"quyskv\"\n    aria-describedby=\"quyskv\"\n    type=\"text\"\n    name=\"fields[quyskv]\"\n    placeholder=\"\"\n    value=\"\"\n                \n        \n        \n    required\n>\n\n\n    \n    \n<\/div>\n\n\n<div class=\"breakdance-form-field breakdance-form-field--text\" >\n    \n    \n            <label class=\"breakdance-form-field__label\" for=\"ulvrdt\">\n            Surname <span class=\"breakdance-form-field__required\">*<\/span>\n        <\/label>\n    \n    <input\n    class=\"breakdance-form-field__input\"\n    id=\"ulvrdt\"\n    aria-describedby=\"ulvrdt\"\n    type=\"text\"\n    name=\"fields[ulvrdt]\"\n    placeholder=\"\"\n    value=\"\"\n                \n        \n        \n    required\n>\n\n\n    \n    \n<\/div>\n\n\n<div class=\"breakdance-form-field breakdance-form-field--text\" >\n    \n    \n            <label class=\"breakdance-form-field__label\" for=\"lsaxny\">\n            Place<span class=\"breakdance-form-field__required\">*<\/span>\n        <\/label>\n    \n    <input\n    class=\"breakdance-form-field__input\"\n    id=\"lsaxny\"\n    aria-describedby=\"lsaxny\"\n    type=\"text\"\n    name=\"fields[lsaxny]\"\n    placeholder=\"\"\n    value=\"\"\n                \n        \n        \n    required\n>\n\n\n    \n    \n<\/div>\n\n\n<div class=\"breakdance-form-field breakdance-form-field--text\" >\n    \n    \n            <label class=\"breakdance-form-field__label\" for=\"mzwlbm\">\n            Email<span class=\"breakdance-form-field__required\">*<\/span>\n        <\/label>\n    \n    <input\n    class=\"breakdance-form-field__input\"\n    id=\"mzwlbm\"\n    aria-describedby=\"mzwlbm\"\n    type=\"text\"\n    name=\"fields[mzwlbm]\"\n    placeholder=\"\"\n    value=\"\"\n                \n        \n        \n    required\n>\n\n\n    \n    \n<\/div>\n\n\n<div class=\"breakdance-form-field breakdance-form-field--text\" >\n    \n    \n            <label class=\"breakdance-form-field__label\" for=\"ctlfwa\">\n            Company<span class=\"breakdance-form-field__required\">*<\/span>\n        <\/label>\n    \n    <input\n    class=\"breakdance-form-field__input\"\n    id=\"ctlfwa\"\n    aria-describedby=\"ctlfwa\"\n    type=\"text\"\n    name=\"fields[ctlfwa]\"\n    placeholder=\"\"\n    value=\"\"\n                \n        \n        \n    required\n>\n\n\n    \n    \n<\/div>\n\n\n<div class=\"breakdance-form-field breakdance-form-field--select\" >\n    \n    \n            <label class=\"breakdance-form-field__label\" for=\"goflzn\">\n            Topic\n        <\/label>\n    \n    <select\n    class=\"breakdance-form-field__input\"\n    id=\"goflzn\"\n    name=\"fields[goflzn]\"\n    \n    \n        >\n      <option value=\"\">Select...<\/option>\n          <option value=\"Jeg \u00f8nsker hjelp til rekruttering\" selected>I want help with recruitment.<\/option>\n        <option value=\"Jeg \u00f8nsker hjelp til bemanning\" >I want help with staffing<\/option>\n        <option value=\"Hjelp til bemanning innen olje og gass\" >Help with staffing in the oil and gas industry<\/option>\n        <option value=\"Jeg s\u00f8ker jobb\" >I am looking for a job.<\/option>\n        <option value=\"Andre henvendelser\" >Other inquiries<\/option>\n  <\/select>\n\n\n    \n    \n<\/div>\n\n\n<div class=\"breakdance-form-field breakdance-form-field--textarea\" >\n    \n    \n            <label class=\"breakdance-form-field__label\" for=\"tivyck\">\n            What can we help you with? If your inquiry concerns on-\/offshore staffing, please specify this in your message.<span class=\"breakdance-form-field__required\">*<\/span>\n        <\/label>\n    \n    <textarea\n    class=\"breakdance-form-field__input\"\n    id=\"tivyck\"\n    aria-describedby=\"tivyck\"\n    type=\"textarea\"\n    name=\"fields[tivyck]\"\n        placeholder=\"\"\n    required\n>\n<\/textarea>\n\n\n    \n    \n<\/div>\n\n\n<div class=\"breakdance-form-field breakdance-form-field--checkbox\" >\n    \n    \n    \n    <fieldset role=\"group\"\n    aria-label=\"Consent to data storage *\"\n    >\n       <legend class=\"breakdance-form-field__label\">Consent to data storage *<\/legend>\n          <div class=\"breakdance-form-checkbox\">\n          <input\n              type=\"checkbox\"\n              name=\"fields[nxlbci]\"\n              value=\"Jeg samtykker til at mine personopplysninger lagres og behandles for \u00e5 gi meg relevant informasjon om rekruttering og bemanning. Les om hvordan vi behandler dine data i v\u00e5r personvernerkl\u00e6ring\"\n              id=\"nxlbci-1\"\n              \n                        >\n          <label class=\"breakdance-form-checkbox__text\" for=\"nxlbci-1\">I consent to my personal data being stored and processed to provide me with relevant information about recruitment and staffing. Read about how we process your data in our privacy policy.<\/label>\n      <\/div>\n  <\/fieldset>\n\n\n\n    \n    \n<\/div>\n\n\n  \n\n<div class=\"breakdance-form-field breakdance-form-footer\">\n    \n    \n                                    \n    \n    \n    \n    \n            \n            <button type=\"submit\" class=\"button-atom button-atom--primary breakdance-form-button breakdance-form-button__submit\" id=\"senb\"  >\n    \n        <span class=\"button-atom__text\">Submit<\/span>\n\n        \n        \n            <\/button>\n    \n    <input type=\"hidden\" name=\"form_id\" value=\"109\">\n    <input type=\"hidden\" name=\"post_id\" value=\"492\">\n<\/div>\n\n  \n<input type=\"hidden\" name=\"trp-form-language\" value=\"en\"\/><\/form>\n\n\n\n<\/div>\n<\/div><\/div><\/div>\n<\/section>","protected":false},"excerpt":{"rendered":"<p>Godkjenninger fra arbeidstilsynet Godkjent og registrert i Arbeidstilsynets register over bemanningsforetakR2A AS er godkjent og registret i Arbeidstilsynets register over bemanningsforetak. Alle bemanningsforetak som driver med utleie av arbeidskraft i Norge, skal v\u00e6re registrert hos Arbeidstilsynet. Det er forbudt \u00e5 kj\u00f8pe bemanningstjenester fra virksomheter som ikke er oppf\u00f8rt i dette registeret.Mer informasjon om kravene til [&hellip;]<\/p>","protected":false},"author":1,"featured_media":0,"parent":340,"menu_order":0,"comment_status":"closed","ping_status":"closed","template":"","meta":{"_breakdance_hide_in_design_set":false,"_breakdance_tags":"","footnotes":""},"class_list":["post-492","page","type-page","status-publish","hentry"],"_links":{"self":[{"href":"https:\/\/r2abemanning.com\/en\/wp-json\/wp\/v2\/pages\/492","targetHints":{"allow":["GET"]}}],"collection":[{"href":"https:\/\/r2abemanning.com\/en\/wp-json\/wp\/v2\/pages"}],"about":[{"href":"https:\/\/r2abemanning.com\/en\/wp-json\/wp\/v2\/types\/page"}],"author":[{"embeddable":true,"href":"https:\/\/r2abemanning.com\/en\/wp-json\/wp\/v2\/users\/1"}],"replies":[{"embeddable":true,"href":"https:\/\/r2abemanning.com\/en\/wp-json\/wp\/v2\/comments?post=492"}],"version-history":[{"count":3,"href":"https:\/\/r2abemanning.com\/en\/wp-json\/wp\/v2\/pages\/492\/revisions"}],"predecessor-version":[{"id":622,"href":"https:\/\/r2abemanning.com\/en\/wp-json\/wp\/v2\/pages\/492\/revisions\/622"}],"up":[{"embeddable":true,"href":"https:\/\/r2abemanning.com\/en\/wp-json\/wp\/v2\/pages\/340"}],"wp:attachment":[{"href":"https:\/\/r2abemanning.com\/en\/wp-json\/wp\/v2\/media?parent=492"}],"curies":[{"name":"wp","href":"https:\/\/api.w.org\/{rel}","templated":true}]}}