{"id":497,"date":"2025-09-30T17:18:13","date_gmt":"2025-09-30T16:18:13","guid":{"rendered":"https:\/\/r2abemanning.com\/?page_id=497"},"modified":"2025-10-01T16:19:46","modified_gmt":"2025-10-01T15:19:46","slug":"we-are-looking-for-franchisees","status":"publish","type":"page","link":"https:\/\/r2abemanning.com\/en\/about-us\/we-are-looking-for-franchisees\/","title":{"rendered":"We are looking for franchisees"},"content":{"rendered":"<section class=\"bde-section-497-100 bde-section\">\n              \n  \n  \n\t\n\n  <div class=\"section-background-overlay\"><\/div>\n\n\n<div class=\"section-container\"><h1 class=\"bde-heading-497-101 bde-heading\">\nWe are looking for franchisees\n<\/h1><div class=\"bde-text-497-102 bde-text\">\nDo you want to be the boss and also fulfill other people&#039;s dreams?\n<\/div><\/div>\n<\/section><section class=\"bde-section-497-103 bde-section\">\n  \n  \n\t\n\n\n\n<div class=\"section-container\"><div class=\"bde-text-497-104 bde-text\">\nDo you have an entrepreneurial spirit and solid sales experience? Maybe you work in the recruitment industry and think it would be exciting to run your own business?\n<\/div><div class=\"bde-text-497-105 bde-text\">\nWe are ready to meet you to tell you more about us and the opportunities that lie ahead. If you are willing to put in the work, we are more than willing to help you build a career in recruitment and staffing. Together we can create something unique!\n<\/div><\/div>\n<\/section><section class=\"bde-section-497-106 bde-section\">\n  \n  \n\t\n\n\n\n<div class=\"section-container\"><div class=\"bde-columns-497-107 bde-columns\"><div class=\"bde-column-497-108 bde-column\">\n  \n  \n\t\n\n\n\n<div class=\"bde-rich-text-497-109 bde-rich-text breakdance-rich-text-styles\">\n<div><h3>What do we offer you as a franchisee?<\/h3><\/div><div><p>We have developed a well-established and well-established franchise concept that is constantly improving, thanks in large part to our 7 franchisees who deliver high quality recruitment and staffing every day. As a franchisee in R2A, you will receive, among other things:<\/p><ul><li>safe framework and good central support with training and guidance<\/li><li>access to a full-fledged CRM system and administrative services, including invoicing and payroll processing<\/li><li>central agreements for candidate search and job advertising<\/li><li>an effective marketing package<\/li><li>annual trips that provide space for team building and celebration<\/li><li>opportunities for competence development, both professional and personal<\/li><li>more than 60 colleagues who support and inspire you<\/li><\/ul><p><br \/>R2A makes everything possible so that you can concentrate on what&#039;s fun - creating business.<\/p><\/div>\n<\/div>\n<\/div><div class=\"bde-column-497-110 bde-column\">\n  \n  \n\t\n\n\n\n<img decoding=\"async\" class=\"bde-image2-497-111 bde-image2\" src=\"https:\/\/r2abemanning.com\/wp-content\/uploads\/2025\/09\/jgno.webp\" loading=\"lazy\" srcset=\"https:\/\/r2abemanning.com\/wp-content\/uploads\/2025\/09\/jgno.webp 688w, https:\/\/r2abemanning.com\/wp-content\/uploads\/2025\/09\/jgno-300x216.webp 300w, https:\/\/r2abemanning.com\/wp-content\/uploads\/2025\/09\/jgno-18x12.webp 18w\" sizes=\"(max-width: 688px) 100vw, 688px\">\n<\/div><\/div><\/div>\n<\/section><section class=\"bde-section-497-112 bde-section\">\n  \n  \n\t\n\n\n\n<div class=\"section-container\"><div class=\"bde-columns-497-113 bde-columns\"><div class=\"bde-column-497-114 bde-column\">\n  \n  \n\t\n\n\n\n<img decoding=\"async\" class=\"bde-image2-497-115 bde-image2\" src=\"https:\/\/r2abemanning.com\/wp-content\/uploads\/2025\/09\/tt-trondheim-1.webp\" loading=\"lazy\" srcset=\"https:\/\/r2abemanning.com\/wp-content\/uploads\/2025\/09\/tt-trondheim-1.webp 688w, https:\/\/r2abemanning.com\/wp-content\/uploads\/2025\/09\/tt-trondheim-1-300x216.webp 300w, https:\/\/r2abemanning.com\/wp-content\/uploads\/2025\/09\/tt-trondheim-1-18x12.webp 18w\" sizes=\"(max-width: 688px) 100vw, 688px\">\n<\/div><div class=\"bde-column-497-116 bde-column\">\n  \n  \n\t\n\n\n\n<div class=\"bde-rich-text-497-117 bde-rich-text breakdance-rich-text-styles\">\n<div><h3>What does it take to succeed?<\/h3><\/div><div><ul><li>You should have solid experience in sales and know that high activity is the key to success.<\/li><li>You are self-driven with determination and the ability to make a high level of personal effort to achieve your goals.<\/li><li>You have a large local network and good knowledge of local business.<\/li><li>You are a relationship builder with good communication skills.<\/li><li>You need to have a long-term horizon, as it takes time to build a business<\/li><\/ul><p>For the right person, there are good opportunities for high profits, and there is a low need for equity in connection with start-up and operation.<\/p><\/div>\n<\/div>\n<\/div><\/div><\/div>\n<\/section><section class=\"bde-section-497-118 bde-section\">\n  \n  \n\t\n\n\n\n<div class=\"section-container\"><div class=\"bde-columns-497-119 bde-columns\"><div class=\"bde-column-497-120 bde-column\">\n  \n  \n\t\n\n\n\n<div class=\"bde-rich-text-497-121 bde-rich-text breakdance-rich-text-styles\">\n<div><h3>What it&#039;s like to be a franchisee in R2A<\/h3><\/div><div><p>Do you dream of starting your own recruitment and staffing agency? If you have the drive and desire to build your own business, we have the concept. See more about what it&#039;s like to be a franchisee in R2A.<\/p><\/div>\n<\/div>\n<\/div><div class=\"bde-column-497-122 bde-column\">\n  \n  \n\t\n\n\n\n<img decoding=\"async\" class=\"bde-image2-497-123 bde-image2\" src=\"https:\/\/r2abemanning.com\/wp-content\/uploads\/2025\/09\/photo_2025-09-25_19-53-31-1.jpg\" loading=\"lazy\" srcset=\"https:\/\/r2abemanning.com\/wp-content\/uploads\/2025\/09\/photo_2025-09-25_19-53-31-1.jpg 1280w, https:\/\/r2abemanning.com\/wp-content\/uploads\/2025\/09\/photo_2025-09-25_19-53-31-1-300x200.jpg 300w, https:\/\/r2abemanning.com\/wp-content\/uploads\/2025\/09\/photo_2025-09-25_19-53-31-1-1024x682.jpg 1024w, https:\/\/r2abemanning.com\/wp-content\/uploads\/2025\/09\/photo_2025-09-25_19-53-31-1-768x512.jpg 768w\" sizes=\"(max-width: 1280px) 100vw, 1280px\">\n<\/div><\/div><\/div>\n<\/section><section class=\"bde-section-497-124 bde-section\">\n  \n  \n\t\n\n\n\n<div class=\"section-container\"><div class=\"bde-columns-497-125 bde-columns\"><div class=\"bde-column-497-126 bde-column\">\n  \n  \n\t\n\n\n\n<img decoding=\"async\" class=\"bde-image2-497-127 bde-image2\" src=\"https:\/\/r2abemanning.com\/wp-content\/uploads\/2025\/09\/photo_2025-09-25_19-53-31-1.jpg\" loading=\"lazy\" srcset=\"https:\/\/r2abemanning.com\/wp-content\/uploads\/2025\/09\/photo_2025-09-25_19-53-31-1.jpg 1280w, https:\/\/r2abemanning.com\/wp-content\/uploads\/2025\/09\/photo_2025-09-25_19-53-31-1-300x200.jpg 300w, https:\/\/r2abemanning.com\/wp-content\/uploads\/2025\/09\/photo_2025-09-25_19-53-31-1-1024x682.jpg 1024w, https:\/\/r2abemanning.com\/wp-content\/uploads\/2025\/09\/photo_2025-09-25_19-53-31-1-768x512.jpg 768w\" sizes=\"(max-width: 1280px) 100vw, 1280px\">\n<\/div><div class=\"bde-column-497-128 bde-column\">\n  \n  \n\t\n\n\n\n<div class=\"bde-rich-text-497-129 bde-rich-text breakdance-rich-text-styles\">\n<div><h4>Interested? Contact our franchise manager, Morten Klose, for a more detailed discussion:<\/h4><\/div><div><h5><a href=\"mailto:post@r2abemanning.com\" target=\"_self\" data-type=\"url\">post@r2abemanning.com<\/a><br \/><a href=\"tel:+4798884133\" target=\"_self\" data-type=\"url\">98 88 41 33<\/a><\/h5><\/div>\n<\/div>\n<\/div><\/div><\/div>\n<\/section><section class=\"bde-section-497-130 bde-section\">\n  \n  \n\t\n\n\n\n<div class=\"section-container\"><div class=\"bde-columns-497-131 bde-columns\"><div class=\"bde-column-497-132 bde-column\">\n  \n  \n\t\n\n\n\n<h1 class=\"bde-heading-497-133 bde-heading\">\n12\n<\/h1><div class=\"bde-text-497-134 bde-text\">\nyears in Norway\n<\/div>\n<\/div><div class=\"bde-column-497-135 bde-column\">\n  \n  \n\t\n\n\n\n<h1 class=\"bde-heading-497-136 bde-heading\">\n13+\n<\/h1><div class=\"bde-text-497-137 bde-text\">\ncountry\n<\/div>\n<\/div><div class=\"bde-column-497-138 bde-column\">\n  \n  \n\t\n\n\n\n<h1 class=\"bde-heading-497-139 bde-heading\">\n7000+\n<\/h1><div class=\"bde-text-497-140 bde-text\">\ncustomers\n<\/div>\n<\/div><div class=\"bde-column-497-141 bde-column\">\n  \n  \n\t\n\n\n\n<h1 class=\"bde-heading-497-142 bde-heading\">\n30 000+\n<\/h1><div class=\"bde-text-497-143 bde-text\">\ncandidates\n<\/div>\n<\/div><\/div><\/div>\n<\/section>","protected":false},"excerpt":{"rendered":"<p>Vi s\u00f8ker franchisetakere Vil du v\u00e6re helt sjef og i tillegg oppfylle andres dr\u00f8mmer? Har du en gr\u00fcnder i magen og solid salgserfaring? Kanskje jobber du i rekrutteringsbransjen og synes det hadde v\u00e6rt spennende \u00e5 drive selv? Vi st\u00e5r klare til \u00e5 m\u00f8te deg for \u00e5 fortelle mer om oss og hvilke muligheter som ligger [&hellip;]<\/p>","protected":false},"author":1,"featured_media":0,"parent":340,"menu_order":0,"comment_status":"closed","ping_status":"closed","template":"","meta":{"_breakdance_hide_in_design_set":false,"_breakdance_tags":"","footnotes":""},"class_list":["post-497","page","type-page","status-publish","hentry"],"_links":{"self":[{"href":"https:\/\/r2abemanning.com\/en\/wp-json\/wp\/v2\/pages\/497","targetHints":{"allow":["GET"]}}],"collection":[{"href":"https:\/\/r2abemanning.com\/en\/wp-json\/wp\/v2\/pages"}],"about":[{"href":"https:\/\/r2abemanning.com\/en\/wp-json\/wp\/v2\/types\/page"}],"author":[{"embeddable":true,"href":"https:\/\/r2abemanning.com\/en\/wp-json\/wp\/v2\/users\/1"}],"replies":[{"embeddable":true,"href":"https:\/\/r2abemanning.com\/en\/wp-json\/wp\/v2\/comments?post=497"}],"version-history":[{"count":9,"href":"https:\/\/r2abemanning.com\/en\/wp-json\/wp\/v2\/pages\/497\/revisions"}],"predecessor-version":[{"id":613,"href":"https:\/\/r2abemanning.com\/en\/wp-json\/wp\/v2\/pages\/497\/revisions\/613"}],"up":[{"embeddable":true,"href":"https:\/\/r2abemanning.com\/en\/wp-json\/wp\/v2\/pages\/340"}],"wp:attachment":[{"href":"https:\/\/r2abemanning.com\/en\/wp-json\/wp\/v2\/media?parent=497"}],"curies":[{"name":"wp","href":"https:\/\/api.w.org\/{rel}","templated":true}]}}