{"id":78,"date":"2025-09-29T08:49:23","date_gmt":"2025-09-29T07:49:23","guid":{"rendered":"https:\/\/r2abemanning.com\/?page_id=78"},"modified":"2025-09-29T13:48:39","modified_gmt":"2025-09-29T12:48:39","slug":"companies","status":"publish","type":"page","link":"https:\/\/r2abemanning.com\/en\/companies\/","title":{"rendered":"companies"},"content":{"rendered":"<section class=\"bde-section-78-100 bde-section\">\n              \n  \n  \n\t\n\n  <div class=\"section-background-overlay\"><\/div>\n\n\n<div class=\"section-container\"><h1 class=\"bde-heading-78-101 bde-heading\">\nCompanies\n<\/h1><div class=\"bde-text-78-102 bde-text\">\nWe help you find your new employees, key people and leaders\n<\/div><\/div>\n<\/section><section class=\"bde-section-78-103 bde-section\">\n  \n  \n\t\n\n\n\n<div class=\"section-container\"><div class=\"bde-text-78-104 bde-text\">\nR2A is a full-service provider of recruitment and staffing services. Local presence and proximity to our customers and candidates for almost 12 years in Norway, gives us good conditions to understand and solve your needs for employees, specialists and managers - both for permanent and temporary positions.\n<\/div><div class=\"bde-button-78-105 bde-button\">\n    \n                                    \n    \n    \n    \n    \n            \n            <button type=\"button\" class=\"button-atom button-atom--primary bde-button__button\"  >\n    \n        <span class=\"button-atom__text\">Customer references<\/span>\n\n        \n        \n            <\/button>\n    \n\n\n<\/div><\/div>\n<\/section><section class=\"bde-section-78-107 bde-section\">\n  \n  \n\t\n\n\n\n<div class=\"section-container\"><div class=\"bde-columns-78-108 bde-columns\"><div class=\"bde-column-78-109 bde-column\">\n  \n  \n\t\n\n\n\n<div class=\"bde-div-78-123 bde-div\">\n  \n  \n\t\n\n\n\n<div class=\"bde-button-78-124 bde-button\">\n    \n                                    \n    \n    \n    \n    \n            \n            <button type=\"button\" class=\"button-atom button-atom--custom bde-button__button\"  >\n    \n        <span class=\"button-atom__text\">Recruitment<\/span>\n\n                            \n        \n            <\/button>\n    \n\n\n<\/div>\n<\/div>\n<\/div><div class=\"bde-column-78-112 bde-column\">\n  \n  \n\t\n\n\n\n<div class=\"bde-div-78-125 bde-div\">\n  \n  \n\t\n\n\n\n<div class=\"bde-button-78-126 bde-button\">\n    \n                                    \n    \n    \n    \n    \n            \n            <button type=\"button\" class=\"button-atom button-atom--custom bde-button__button\"  >\n    \n        <span class=\"button-atom__text\">Staffing<\/span>\n\n                            \n        \n            <\/button>\n    \n\n\n<\/div>\n<\/div>\n<\/div><div class=\"bde-column-78-115 bde-column\">\n  \n  \n\t\n\n\n\n<div class=\"bde-div-78-120 bde-div\">\n  \n  \n\t\n\n\n\n<div class=\"bde-button-78-121 bde-button\">\n    \n                                    \n    \n    \n    \n    \n            \n            <button type=\"button\" class=\"button-atom button-atom--custom bde-button__button\"  >\n    \n        <span class=\"button-atom__text\">Dissemination<\/span>\n\n                            \n        \n            <\/button>\n    \n\n\n<\/div>\n<\/div>\n<\/div><\/div><\/div>\n<\/section><section class=\"bde-section-78-127 bde-section\">\n  \n  \n\t\n\n\n\n<div class=\"section-container\"><h3 class=\"bde-heading-78-128 bde-heading\">\nWe adapt the solution to your needs and deliver as agreed.\n<\/h3><div class=\"bde-text-78-129 bde-text\">\nRegardless of whether you are looking for candidates for a temporary position or want a complete recruitment process, we will adapt the elements of the solution to your needs to find and select the best candidates. Regardless of the solution chosen, we will work to meet our quality goal of always delivering as agreed.\n<\/div><\/div>\n<\/section><section class=\"bde-section-78-130 bde-section\">\n  \n  \n\t\n\n\n\n<div class=\"section-container\"><div class=\"bde-columns-78-142 bde-columns\"><div class=\"bde-column-78-143 bde-column\">\n  \n  \n\t\n\n\n\n<div class=\"bde-icon-78-144 bde-icon\">\n\n    \n            <div class=\"bde-icon-icon breakdance-icon-atom\" >\n    \n                    <svg xmlns=\"http:\/\/www.w3.org\/2000\/svg\" id=\"icon-file-text2\" viewbox=\"0 0 32 32\">\n<path d=\"M28.681 7.159c-0.694-0.947-1.662-2.053-2.724-3.116s-2.169-2.030-3.116-2.724c-1.612-1.182-2.393-1.319-2.841-1.319h-15.5c-1.378 0-2.5 1.121-2.5 2.5v27c0 1.378 1.122 2.5 2.5 2.5h23c1.378 0 2.5-1.122 2.5-2.5v-19.5c0-0.448-0.137-1.23-1.319-2.841zM24.543 5.457c0.959 0.959 1.712 1.825 2.268 2.543h-4.811v-4.811c0.718 0.556 1.584 1.309 2.543 2.268zM28 29.5c0 0.271-0.229 0.5-0.5 0.5h-23c-0.271 0-0.5-0.229-0.5-0.5v-27c0-0.271 0.229-0.5 0.5-0.5 0 0 15.499-0 15.5 0v7c0 0.552 0.448 1 1 1h7v19.5z\"\/>\n<path d=\"M23 26h-14c-0.552 0-1-0.448-1-1s0.448-1 1-1h14c0.552 0 1 0.448 1 1s-0.448 1-1 1z\"\/>\n<path d=\"M23 22h-14c-0.552 0-1-0.448-1-1s0.448-1 1-1h14c0.552 0 1 0.448 1 1s-0.448 1-1 1z\"\/>\n<path d=\"M23 18h-14c-0.552 0-1-0.448-1-1s0.448-1 1-1h14c0.552 0 1 0.448 1 1s-0.448 1-1 1z\"\/>\n<\/svg>\n        \n        \n        \n            <\/div>\n    \n\n\n<\/div><h5 class=\"bde-heading-78-145 bde-heading\">\nRequirements specification and job profile\n<\/h5>\n<\/div><div class=\"bde-column-78-147 bde-column\">\n  \n  \n\t\n\n\n\n<div class=\"bde-icon-78-148 bde-icon\">\n\n    \n            <div class=\"bde-icon-icon breakdance-icon-atom\" >\n    \n                    <svg xmlns=\"http:\/\/www.w3.org\/2000\/svg\" viewbox=\"0 0 640 512\"><!--! Font Awesome Free 6.5.1 by @fontawesome - https:\/\/fontawesome.com License - https:\/\/fontawesome.com\/license\/free (Icons: CC BY 4.0, Fonts: SIL OFL 1.1, Code: MIT License) Copyright 2023 Fonticons, Inc. --><path d=\"M64 64V352H576V64H64zM0 64C0 28.7 28.7 0 64 0H576c35.3 0 64 28.7 64 64V352c0 35.3-28.7 64-64 64H64c-35.3 0-64-28.7-64-64V64zM128 448H512c17.7 0 32 14.3 32 32s-14.3 32-32 32H128c-17.7 0-32-14.3-32-32s14.3-32 32-32z\"\/><\/svg>\n        \n        \n        \n            <\/div>\n    \n\n\n<\/div><h5 class=\"bde-heading-78-149 bde-heading\">\nAdvertising in social media\n<\/h5>\n<\/div><div class=\"bde-column-78-151 bde-column\">\n  \n  \n\t\n\n\n\n<div class=\"bde-icon-78-152 bde-icon\">\n\n    \n            <div class=\"bde-icon-icon breakdance-icon-atom\" >\n    \n                    <svg xmlns=\"http:\/\/www.w3.org\/2000\/svg\" viewbox=\"0 0 448 512\"><!--! Font Awesome Free 6.5.1 by @fontawesome - https:\/\/fontawesome.com License - https:\/\/fontawesome.com\/license\/free (Icons: CC BY 4.0, Fonts: SIL OFL 1.1, Code: MIT License) Copyright 2023 Fonticons, Inc. --><path d=\"M100.28 448H7.4V148.9h92.88zM53.79 108.1C24.09 108.1 0 83.5 0 53.8a53.79 53.79 0 0 1 107.58 0c0 29.7-24.1 54.3-53.79 54.3zM447.9 448h-92.68V302.4c0-34.7-.7-79.2-48.29-79.2-48.29 0-55.69 37.7-55.69 76.7V448h-92.78V148.9h89.08v40.8h1.3c12.4-23.5 42.69-48.3 87.88-48.3 94 0 111.28 61.9 111.28 142.3V448z\"\/><\/svg>\n        \n        \n        \n            <\/div>\n    \n\n\n<\/div><h5 class=\"bde-heading-78-153 bde-heading\">\nLinkedIn Search\n<\/h5>\n<\/div><div class=\"bde-column-78-155 bde-column\">\n  \n  \n\t\n\n\n\n<div class=\"bde-icon-78-156 bde-icon\">\n\n    \n            <div class=\"bde-icon-icon breakdance-icon-atom\" >\n    \n                    <svg xmlns=\"http:\/\/www.w3.org\/2000\/svg\" viewbox=\"0 0 576 512\"><!--! Font Awesome Free 6.5.1 by @fontawesome - https:\/\/fontawesome.com License - https:\/\/fontawesome.com\/license\/free (Icons: CC BY 4.0, Fonts: SIL OFL 1.1, Code: MIT License) Copyright 2023 Fonticons, Inc. --><path d=\"M284.046,224.8a34.114,34.114,0,1,0,34.317,34.113A34.217,34.217,0,0,0,284.046,224.8Zm-110.45,0a34.114,34.114,0,1,0,34.317,34.113A34.217,34.217,0,0,0,173.6,224.8Zm220.923,0a34.114,34.114,0,1,0,34.317,34.113A34.215,34.215,0,0,0,394.519,224.8Zm153.807-55.319c-15.535-24.172-37.31-45.57-64.681-63.618-52.886-34.817-122.374-54-195.666-54a405.975,405.975,0,0,0-72.032,6.357,238.524,238.524,0,0,0-49.51-36.588C99.684-11.7,40.859.711,11.135,11.421A14.291,14.291,0,0,0,5.58,34.782C26.542,56.458,61.222,99.3,52.7,138.252c-33.142,33.9-51.112,74.776-51.112,117.337,0,43.372,17.97,84.248,51.112,118.148,8.526,38.956-26.154,81.816-47.116,103.491a14.284,14.284,0,0,0,5.555,23.34c29.724,10.709,88.549,23.147,155.324-10.2a238.679,238.679,0,0,0,49.51-36.589A405.972,405.972,0,0,0,288,460.14c73.313,0,142.8-19.159,195.667-53.975,27.371-18.049,49.145-39.426,64.679-63.619,17.309-26.923,26.07-55.916,26.07-86.125C574.394,225.4,565.634,196.43,548.326,169.485ZM284.987,409.9a345.65,345.65,0,0,1-89.446-11.5l-20.129,19.393a184.366,184.366,0,0,1-37.138,27.585,145.767,145.767,0,0,1-52.522,14.87c.983-1.771,1.881-3.563,2.842-5.356q30.258-55.68,16.325-100.078c-32.992-25.962-52.778-59.2-52.778-95.4,0-83.1,104.254-150.469,232.846-150.469s232.867,67.373,232.867,150.469C517.854,342.525,413.6,409.9,284.987,409.9Z\"\/><\/svg>\n        \n        \n        \n            <\/div>\n    \n\n\n<\/div><h5 class=\"bde-heading-78-157 bde-heading\">\nIn-depth personal interview\n<\/h5>\n<\/div><\/div><div class=\"bde-columns-78-159 bde-columns\"><div class=\"bde-column-78-160 bde-column\">\n  \n  \n\t\n\n\n\n<div class=\"bde-icon-78-161 bde-icon\">\n\n    \n            <div class=\"bde-icon-icon breakdance-icon-atom\" >\n    \n                    <svg xmlns=\"http:\/\/www.w3.org\/2000\/svg\" viewbox=\"0 0 384 512\"><!--! Font Awesome Free 6.5.1 by @fontawesome - https:\/\/fontawesome.com License - https:\/\/fontawesome.com\/license\/free (Icons: CC BY 4.0, Fonts: SIL OFL 1.1, Code: MIT License) Copyright 2023 Fonticons, Inc. --><path d=\"M64 0C28.7 0 0 28.7 0 64V448c0 35.3 28.7 64 64 64H320c35.3 0 64-28.7 64-64V64c0-35.3-28.7-64-64-64H64zM96 64H288c17.7 0 32 14.3 32 32v32c0 17.7-14.3 32-32 32H96c-17.7 0-32-14.3-32-32V96c0-17.7 14.3-32 32-32zm32 160a32 32 0 1 1 -64 0 32 32 0 1 1 64 0zM96 352a32 32 0 1 1 0-64 32 32 0 1 1 0 64zM64 416c0-17.7 14.3-32 32-32h96c17.7 0 32 14.3 32 32s-14.3 32-32 32H96c-17.7 0-32-14.3-32-32zM192 256a32 32 0 1 1 0-64 32 32 0 1 1 0 64zm32 64a32 32 0 1 1 -64 0 32 32 0 1 1 64 0zm64-64a32 32 0 1 1 0-64 32 32 0 1 1 0 64zm32 64a32 32 0 1 1 -64 0 32 32 0 1 1 64 0zM288 448a32 32 0 1 1 0-64 32 32 0 1 1 0 64z\"\/><\/svg>\n        \n        \n        \n            <\/div>\n    \n\n\n<\/div><h5 class=\"bde-heading-78-162 bde-heading\">\nRelevant subject tests\n<\/h5>\n<\/div><div class=\"bde-column-78-164 bde-column\">\n  \n  \n\t\n\n\n\n<div class=\"bde-icon-78-165 bde-icon\">\n\n    \n            <div class=\"bde-icon-icon breakdance-icon-atom\" >\n    \n                    <svg xmlns=\"http:\/\/www.w3.org\/2000\/svg\" id=\"icon-woman\" viewbox=\"0 0 32 32\">\n<path d=\"M18 3c0 1.657-1.343 3-3 3s-3-1.343-3-3c0-1.657 1.343-3 3-3s3 1.343 3 3z\"\/>\n<path d=\"M22.469 16l1.531-1.109-4.165-6.441c-0.185-0.281-0.499-0.45-0.835-0.45h-8c-0.336 0-0.65 0.169-0.835 0.45l-4.165 6.441 1.531 1.109 3.458-4.487 1.202 2.804-4.191 7.683h3.833l0.667 10h2v-10h1v10h2l0.667-10h3.833l-4.191-7.683 1.202-2.804 3.458 4.487z\"\/>\n<\/svg>\n        \n        \n        \n            <\/div>\n    \n\n\n<\/div><h5 class=\"bde-heading-78-166 bde-heading\">\nPersonal profile analysis and ability tests\n<\/h5>\n<\/div><div class=\"bde-column-78-168 bde-column\">\n  \n  \n\t\n\n\n\n<div class=\"bde-icon-78-169 bde-icon\">\n\n    \n            <div class=\"bde-icon-icon breakdance-icon-atom\" >\n    \n                    <svg xmlns=\"http:\/\/www.w3.org\/2000\/svg\" id=\"icon-file-text\" viewbox=\"0 0 32 32\">\n<path d=\"M27 0h-24c-1.65 0-3 1.35-3 3v26c0 1.65 1.35 3 3 3h24c1.65 0 3-1.35 3-3v-26c0-1.65-1.35-3-3-3zM26 28h-22v-24h22v24zM8 14h14v2h-14zM8 18h14v2h-14zM8 22h14v2h-14zM8 10h14v2h-14z\"\/>\n<\/svg>\n        \n        \n        \n            <\/div>\n    \n\n\n<\/div><h5 class=\"bde-heading-78-170 bde-heading\">\nReference check with previous employers\n<\/h5>\n<\/div><div class=\"bde-column-78-172 bde-column\">\n  \n  \n\t\n\n\n\n<div class=\"bde-icon-78-173 bde-icon\">\n\n    \n            <div class=\"bde-icon-icon breakdance-icon-atom\" >\n    \n                    <svg xmlns=\"http:\/\/www.w3.org\/2000\/svg\" id=\"icon-accessibility\" viewbox=\"0 0 32 32\">\n<path d=\"M13 3c0-1.657 1.343-3 3-3s3 1.343 3 3c0 1.657-1.343 3-3 3s-3-1.343-3-3z\"\/>\n<path d=\"M20 10l10.3-4.443-0.743-1.857-12.557 4.3h-2l-12.557-4.3-0.743 1.857 10.3 4.443v8l-4.102 13.268 1.87 0.709 5.804-12.977h0.857l5.804 12.977 1.87-0.709-4.102-13.268z\"\/>\n<\/svg>\n        \n        \n        \n            <\/div>\n    \n\n\n<\/div><h5 class=\"bde-heading-78-174 bde-heading\">\nBackground check through external provider\n<\/h5>\n<\/div><\/div><\/div>\n<\/section><section class=\"bde-section-78-176 bde-section\">\n  \n  \n\t\n\n\n\n<div class=\"section-container\"><h3 class=\"bde-heading-78-177 bde-heading\">\nWhat do our customers say about us?\n<\/h3><div class=\"bde-text-78-178 bde-text\">\nTo help you make the right choice, we are happy to provide references from customers who recommend us as an agency if you need temporary staff, temporary staffing or recruiting new permanent employees.\n<\/div><div class=\"bde-button-78-179 bde-button\">\n    \n                                    \n    \n    \n    \n    \n            \n            <button type=\"button\" class=\"button-atom button-atom--secondary bde-button__button\"  >\n    \n        <span class=\"button-atom__text\">Customer references<\/span>\n\n        \n        \n            <\/button>\n    \n\n\n<\/div><\/div>\n<\/section>","protected":false},"excerpt":{"rendered":"<p>Bedrifter Vi hjelper deg \u00e5 finne dine nye medarbeidere, n\u00f8kkelpersoner og ledere R2A er en totalleverand\u00f8r av rekrutterings- og bemanningstjenester. Lokal tilstedev\u00e6relse og n\u00e6rhet til v\u00e5re kunder og kandidater i snart 12 \u00e5r i Norge, gir oss gode forutsetninger for \u00e5 forst\u00e5 og l\u00f8se ditt behov for medarbeidere, spesialister og ledere \u2013 b\u00e5de til faste [&hellip;]<\/p>","protected":false},"author":1,"featured_media":0,"parent":0,"menu_order":0,"comment_status":"closed","ping_status":"closed","template":"","meta":{"_breakdance_hide_in_design_set":false,"_breakdance_tags":"","footnotes":""},"class_list":["post-78","page","type-page","status-publish","hentry"],"_links":{"self":[{"href":"https:\/\/r2abemanning.com\/en\/wp-json\/wp\/v2\/pages\/78","targetHints":{"allow":["GET"]}}],"collection":[{"href":"https:\/\/r2abemanning.com\/en\/wp-json\/wp\/v2\/pages"}],"about":[{"href":"https:\/\/r2abemanning.com\/en\/wp-json\/wp\/v2\/types\/page"}],"author":[{"embeddable":true,"href":"https:\/\/r2abemanning.com\/en\/wp-json\/wp\/v2\/users\/1"}],"replies":[{"embeddable":true,"href":"https:\/\/r2abemanning.com\/en\/wp-json\/wp\/v2\/comments?post=78"}],"version-history":[{"count":11,"href":"https:\/\/r2abemanning.com\/en\/wp-json\/wp\/v2\/pages\/78\/revisions"}],"predecessor-version":[{"id":125,"href":"https:\/\/r2abemanning.com\/en\/wp-json\/wp\/v2\/pages\/78\/revisions\/125"}],"wp:attachment":[{"href":"https:\/\/r2abemanning.com\/en\/wp-json\/wp\/v2\/media?parent=78"}],"curies":[{"name":"wp","href":"https:\/\/api.w.org\/{rel}","templated":true}]}}